{"id":1937,"date":"2018-10-20T10:29:54","date_gmt":"2018-10-20T10:29:54","guid":{"rendered":"https:\/\/www.mondayhappymonday.com\/us\/que-es-mhm\/"},"modified":"2024-01-22T10:51:20","modified_gmt":"2024-01-22T09:51:20","slug":"what-is-mhm","status":"publish","type":"page","link":"https:\/\/mondayhappymonday.com\/en\/what-is-mhm\/","title":{"rendered":"What is MHM?"},"content":{"rendered":"<p>[et_pb_section bb_built=&#8221;1&#8243; _builder_version=&#8221;3.16.1&#8243; module_class=&#8221;interior fitxa&#8221; next_background_color=&#8221;#005a84&#8243; inner_width=&#8221;auto&#8221; inner_max_width=&#8221;1160px&#8221;][et_pb_row _builder_version=&#8221;3.16.1&#8243; module_id=&#8221;breadcrumbs&#8221; width=&#8221;80%&#8221; max_width=&#8221;1160px&#8221;][et_pb_column type=&#8221;4_4&#8243; custom_padding__hover=&#8221;|||&#8221; custom_padding=&#8221;|||&#8221;][et_pb_code admin_label=&#8221;Breadcrumbs&#8221; _builder_version=&#8221;4.19.1&#8243; background_pattern_color=&#8221;rgba(0,0,0,0.2)&#8221; background_mask_color=&#8221;#ffffff&#8221; box_shadow_horizontal_tablet=&#8221;0px&#8221; box_shadow_vertical_tablet=&#8221;0px&#8221; box_shadow_blur_tablet=&#8221;40px&#8221; box_shadow_spread_tablet=&#8221;0px&#8221; vertical_offset_tablet=&#8221;0&#8243; horizontal_offset_tablet=&#8221;0&#8243; z_index_tablet=&#8221;0&#8243;]<\/p>\n<div class=\"breadcrumb\" itemprop=\"breadcrumb\"><span><span><a href=\"https:\/\/mondayhappymonday.com\/en\/\">Home<\/a> \/ <span><a href=\"https:\/\/mondayhappymonday.com\/en\/us\/\">Us<\/a><\/span><\/span><\/span><\/div>\n<p>[\/et_pb_code][\/et_pb_column][\/et_pb_row][et_pb_row _builder_version=&#8221;3.16.1&#8243; module_class=&#8221;titol&#8221; width=&#8221;80%&#8221; max_width=&#8221;1160px&#8221;][et_pb_column type=&#8221;4_4&#8243; custom_padding__hover=&#8221;|||&#8221; custom_padding=&#8221;|||&#8221;][et_pb_text admin_label=&#8221;T\u00edtol&#8221; _builder_version=&#8221;3.16.1&#8243; text_orientation=&#8221;left&#8221;]<\/p>\n<h1>The idea behind Monday Happy Monday<\/h1>\n<p>[\/et_pb_text][\/et_pb_column][\/et_pb_row][et_pb_row _builder_version=&#8221;3.16.1&#8243; width=&#8221;80%&#8221; max_width=&#8221;1160px&#8221;][et_pb_column type=&#8221;1_2&#8243; custom_padding__hover=&#8221;|||&#8221; custom_padding=&#8221;|||&#8221;][et_pb_text admin_label=&#8221;Entradeta&#8221; _builder_version=&#8221;3.16.1&#8243; module_class=&#8221;entradeta&#8221; text_orientation=&#8221;left&#8221;]<\/p>\n<p>\nJust imagine how much your company could change if its transformation were human-centred: focused on your employees and customers, and if you applied a method to the innovation process that connects analysis and creativity. Can you imagine that? <strong>We can<\/strong>.<\/p>\n<p>[\/et_pb_text][et_pb_image admin_label=&#8221;Imatge (tablet-m\u00f2bil)&#8221; _builder_version=&#8221;3.16.1&#8243; src=&#8221;https:\/\/mondayhappymonday.com\/wp-content\/uploads\/2018\/10\/img-about.png&#8221; alt=&#8221;Qu\u00e8 \u00e9s Monday Happy Monday?&#8221; module_class=&#8221;img responsive&#8221; disabled=&#8221;off&#8221; disabled_on=&#8221;||on&#8221; align_last_edited=&#8221;on|desktop&#8221; align_tablet=&#8221;center&#8221; \/][et_pb_text _builder_version=&#8221;3.16.1&#8243; module_class=&#8221;text&#8221; text_orientation=&#8221;left&#8221;]<\/p>\n<p>\nMonday Happy Monday was created with a view to helping organisations to design and make memorable <strong>innovation and transformation projects<\/strong>, in which people, are placed at the centre come true. We want to make our mark on and leave our legacy in each one of our projects.<\/p>\n<p>We come from the area of human resources within large companies and corporations. We have hybridised our knowledge of people with innovation methodologies. We understand that <strong>human-centred innovation<\/strong> is the cornerstone on which the new solutions of the 21st Century should be built, and that <em><strong>Design Tthinking<\/strong><\/em> and <strong>Agile Methodologies<\/strong> are the right way forward if we are to design and implement usable solutions that are tangible and significant.<\/p>\n<p>This is our value proposition:<\/p>\n<ul>\n<li>We go much further than typical innovation consultancies, because our sensitivity towards people allows us to <strong>flexibly<\/strong> adapt to each company\u2019s <strong>corporate culture<\/strong>.<\/li>\n<li>We go much further than traditional consulting because our <a href=\"https:\/\/mondayhappymonday.com\/en\/us\/methodology\/\">working method<\/a> is <strong>based on creating internal innovation teams and accompanying them and helping them to find a tailored in context solution to their challenge<\/strong>, in a human-centred, tangible and implementable fashion. We do not provide the solution, but rather guide the way to reach andimplement it.<\/li>\n<li>We go much further than agencies that organise events, training or happenings, because our projects always feature a value-based deliverable that triggers real and genuine changes.<\/li>\n<\/ul>\n<p><strong>People-centric innovation<\/strong> allows us to come up with <strong>creative and effective solutions<\/strong> for employees and customers alike.<\/p>\n<p>Monday Happy Monday wants to help you to transform your company, bring about tangible changes and implement a genuine human-centred innovation process.<\/p>\n<p><a href=\"https:\/\/mondayhappymonday.com\/en\/us\/contact\/\">What about you? Where do your challenges lie?<\/a><\/p>\n<p>[\/et_pb_text][\/et_pb_column][et_pb_column type=&#8221;1_2&#8243; custom_padding__hover=&#8221;|||&#8221; custom_padding=&#8221;|||&#8221;][et_pb_image admin_label=&#8221;Imatge (desktop)&#8221; _builder_version=&#8221;3.16.1&#8243; src=&#8221;https:\/\/mondayhappymonday.com\/wp-content\/uploads\/2018\/10\/img-about.png&#8221; alt=&#8221;Qu\u00e8 \u00e9s Monday Happy Monday?&#8221; module_class=&#8221;img&#8221; disabled=&#8221;off&#8221; disabled_on=&#8221;on|on|&#8221; align_last_edited=&#8221;on|desktop&#8221; align_tablet=&#8221;center&#8221; \/][\/et_pb_column][\/et_pb_row][\/et_pb_section][et_pb_section bb_built=&#8221;1&#8243; admin_label=&#8221;Section&#8221; module_id=&#8221;newsletter-home&#8221; _builder_version=&#8221;4.21.0&#8243; background_color=&#8221;#005a84&#8243; prev_background_color=&#8221;#ffffff&#8221; background_pattern_color=&#8221;rgba(0,0,0,0.2)&#8221; background_mask_color=&#8221;#ffffff&#8221; box_shadow_horizontal_tablet=&#8221;0px&#8221; box_shadow_vertical_tablet=&#8221;0px&#8221; box_shadow_blur_tablet=&#8221;40px&#8221; box_shadow_spread_tablet=&#8221;0px&#8221; vertical_offset_tablet=&#8221;0&#8243; horizontal_offset_tablet=&#8221;0&#8243; global_module=&#8221;8999&#8243;][et_pb_row admin_label=&#8221;Row&#8221; global_parent=&#8221;8999&#8243; _builder_version=&#8221;3.25&#8243;][et_pb_column type=&#8221;4_4&#8243; admin_label=&#8221;Column&#8221; global_parent=&#8221;31&#8243; _builder_version=&#8221;3.25&#8243; custom_padding=&#8221;|||&#8221; custom_padding__hover=&#8221;|||&#8221;][et_pb_text admin_label=&#8221;T\u00edtol %22Subscriu-t&#8217;hi%22&#8243; global_parent=&#8221;31&#8243; module_class=&#8221;titol-fila&#8221; _builder_version=&#8221;3.27.4&#8243;]<\/p>\n<p>\nSubscribe<\/p>\n<p>[\/et_pb_text][et_pb_text admin_label=&#8221;Entradeta&#8221; global_parent=&#8221;31&#8243; module_id=&#8221;entradeta-mailchimp&#8221; _builder_version=&#8221;4.4.0&#8243; hover_enabled=&#8221;0&#8243;]<\/p>\n<p>Enter your email address to receive news and updates from Monday Happy Monday<\/p>\n<p>[\/et_pb_text][\/et_pb_column][\/et_pb_row][et_pb_row admin_label=&#8221;Row&#8221; global_parent=&#8221;8999&#8243; _builder_version=&#8221;3.25&#8243; background_size=&#8221;initial&#8221; background_position=&#8221;top_left&#8221; background_repeat=&#8221;repeat&#8221;][et_pb_column type=&#8221;4_4&#8243; admin_label=&#8221;Column&#8221; global_parent=&#8221;31&#8243; _builder_version=&#8221;3.25&#8243; custom_padding=&#8221;|||&#8221; custom_padding__hover=&#8221;|||&#8221;][et_pb_text admin_label=&#8221;Formulari Mailchimp&#8221; global_parent=&#8221;31&#8243; module_id=&#8221;formulari-mailchimp&#8221; _builder_version=&#8221;4.19.1&#8243;]<\/p>\n\n\t<section id=\"yikes-mailchimp-container-4\" class=\"yikes-mailchimp-container yikes-mailchimp-container-4 \">\n\t\t\t\t<form id=\"mailchimp-en-4\" class=\"yikes-easy-mc-form yikes-easy-mc-form-4  \" method=\"POST\" data-attr-form-id=\"4\">\n\n\t\t\t\t\t\t\t\t\t\t\t\t\t<label for=\"yikes-easy-mc-form-4-EMAIL\"  class=\"EMAIL-label yikes-mailchimp-field-required \">\n\n\t\t\t\t\t\t\t\t\t\t<!-- dictate label visibility -->\n\t\t\t\t\t\t\t\t\t\t\n\t\t\t\t\t\t\t\t\t\t<!-- Description Above -->\n\t\t\t\t\t\t\t\t\t\t\n\t\t\t\t\t\t\t\t\t\t<input id=\"yikes-easy-mc-form-4-EMAIL\"  name=\"EMAIL\"  placeholder=\"Your Email\"  class=\"yikes-easy-mc-email field-no-label\"  required=\"required\" type=\"email\"  value=\"\">\n\n\t\t\t\t\t\t\t\t\t\t<!-- Description Below -->\n\t\t\t\t\t\t\t\t\t\t\n\t\t\t\t\t\t\t\t\t<\/label>\n\t\t\t\t\t\t\t\t\t\n\t\t\t\t<!-- Honeypot Trap -->\n\t\t\t\t<input type=\"hidden\" name=\"yikes-mailchimp-honeypot\" id=\"yikes-mailchimp-honeypot-4\" value=\"\">\n\n\t\t\t\t<!-- List ID -->\n\t\t\t\t<input type=\"hidden\" name=\"yikes-mailchimp-associated-list-id\" id=\"yikes-mailchimp-associated-list-id-4\" value=\"4e4843f6e8\">\n\n\t\t\t\t<!-- The form that is being submitted! Used to display error\/success messages above the correct form -->\n\t\t\t\t<input type=\"hidden\" name=\"yikes-mailchimp-submitted-form\" id=\"yikes-mailchimp-submitted-form-4\" value=\"4\">\n\n\t\t\t\t<!-- Submit Button -->\n\t\t\t\t<button type=\"submit\" class=\"yikes-easy-mc-submit-button yikes-easy-mc-submit-button-4 btn btn-primary \"> <span class=\"yikes-mailchimp-submit-button-span-text\">Send<\/span><\/button>\t\t\t\t<!-- Nonce Security Check -->\n\t\t\t\t<input type=\"hidden\" id=\"yikes_easy_mc_new_subscriber_4\" name=\"yikes_easy_mc_new_subscriber\" value=\"8b0ae93f5f\">\n\t\t\t\t<input type=\"hidden\" name=\"_wp_http_referer\" value=\"\/en\/wp-json\/wp\/v2\/pages\/1937\" \/>\n\t\t\t<\/form>\n\t\t\t<!-- Mailchimp Form generated by Easy Forms for Mailchimp v6.9.0 (https:\/\/wordpress.org\/plugins\/yikes-inc-easy-mailchimp-extender\/) -->\n\n\t\t\t<\/section>\n\t\n<p>[\/et_pb_text][\/et_pb_column][\/et_pb_row][et_pb_row admin_label=&#8221;Row&#8221; global_parent=&#8221;8999&#8243; _builder_version=&#8221;4.5.8&#8243; _module_preset=&#8221;default&#8221; column_structure=&#8221;1_3,1_3,1_3&#8243;][et_pb_column type=&#8221;1_3&#8243; admin_label=&#8221;Column&#8221; global_parent=&#8221;31&#8243; _builder_version=&#8221;4.5.8&#8243; _module_preset=&#8221;default&#8221;][et_pb_number_counter global_parent=&#8221;31&#8243; _builder_version=&#8221;4.21.0&#8243; _module_preset=&#8221;default&#8221; title=&#8221;Organizations&#8221; number=&#8221;75&#8243; percent_sign=&#8221;off&#8221; hover_enabled=&#8221;0&#8243; background_pattern_color=&#8221;rgba(0,0,0,0.2)&#8221; background_mask_color=&#8221;#ffffff&#8221; text_shadow_horizontal_length=&#8221;text_shadow_style,%91object Object%93&#8243; text_shadow_horizontal_length_tablet=&#8221;0px&#8221; text_shadow_vertical_length=&#8221;text_shadow_style,%91object Object%93&#8243; text_shadow_vertical_length_tablet=&#8221;0px&#8221; text_shadow_blur_strength=&#8221;text_shadow_style,%91object Object%93&#8243; text_shadow_blur_strength_tablet=&#8221;1px&#8221; title_text_shadow_horizontal_length=&#8221;title_text_shadow_style,%91object Object%93&#8243; title_text_shadow_horizontal_length_tablet=&#8221;0px&#8221; title_text_shadow_vertical_length=&#8221;title_text_shadow_style,%91object Object%93&#8243; title_text_shadow_vertical_length_tablet=&#8221;0px&#8221; title_text_shadow_blur_strength=&#8221;title_text_shadow_style,%91object Object%93&#8243; title_text_shadow_blur_strength_tablet=&#8221;1px&#8221; number_text_color=&#8221;#ffa200&#8243; number_text_shadow_horizontal_length=&#8221;number_text_shadow_style,%91object Object%93&#8243; number_text_shadow_horizontal_length_tablet=&#8221;0px&#8221; number_text_shadow_vertical_length=&#8221;number_text_shadow_style,%91object Object%93&#8243; number_text_shadow_vertical_length_tablet=&#8221;0px&#8221; number_text_shadow_blur_strength=&#8221;number_text_shadow_style,%91object Object%93&#8243; number_text_shadow_blur_strength_tablet=&#8221;1px&#8221; box_shadow_horizontal_tablet=&#8221;0px&#8221; box_shadow_vertical_tablet=&#8221;0px&#8221; box_shadow_blur_tablet=&#8221;40px&#8221; box_shadow_spread_tablet=&#8221;0px&#8221; vertical_offset_tablet=&#8221;0&#8243; horizontal_offset_tablet=&#8221;0&#8243; z_index_tablet=&#8221;0&#8243; \/][\/et_pb_column][et_pb_column type=&#8221;1_3&#8243; admin_label=&#8221;Column&#8221; global_parent=&#8221;31&#8243; _builder_version=&#8221;4.5.8&#8243; _module_preset=&#8221;default&#8221;][et_pb_number_counter global_parent=&#8221;31&#8243; _builder_version=&#8221;4.21.0&#8243; _module_preset=&#8221;default&#8221; title=&#8221;Projects&#8221; number=&#8221;105&#8243; percent_sign=&#8221;off&#8221; hover_enabled=&#8221;0&#8243; background_pattern_color=&#8221;rgba(0,0,0,0.2)&#8221; background_mask_color=&#8221;#ffffff&#8221; text_shadow_horizontal_length=&#8221;text_shadow_style,%91object Object%93&#8243; text_shadow_horizontal_length_tablet=&#8221;0px&#8221; text_shadow_vertical_length=&#8221;text_shadow_style,%91object Object%93&#8243; text_shadow_vertical_length_tablet=&#8221;0px&#8221; text_shadow_blur_strength=&#8221;text_shadow_style,%91object Object%93&#8243; text_shadow_blur_strength_tablet=&#8221;1px&#8221; title_text_shadow_horizontal_length=&#8221;title_text_shadow_style,%91object Object%93&#8243; title_text_shadow_horizontal_length_tablet=&#8221;0px&#8221; title_text_shadow_vertical_length=&#8221;title_text_shadow_style,%91object Object%93&#8243; title_text_shadow_vertical_length_tablet=&#8221;0px&#8221; title_text_shadow_blur_strength=&#8221;title_text_shadow_style,%91object Object%93&#8243; title_text_shadow_blur_strength_tablet=&#8221;1px&#8221; number_text_color=&#8221;#ffa200&#8243; number_text_shadow_horizontal_length=&#8221;number_text_shadow_style,%91object Object%93&#8243; number_text_shadow_horizontal_length_tablet=&#8221;0px&#8221; number_text_shadow_vertical_length=&#8221;number_text_shadow_style,%91object Object%93&#8243; number_text_shadow_vertical_length_tablet=&#8221;0px&#8221; number_text_shadow_blur_strength=&#8221;number_text_shadow_style,%91object Object%93&#8243; number_text_shadow_blur_strength_tablet=&#8221;1px&#8221; box_shadow_horizontal_tablet=&#8221;0px&#8221; box_shadow_vertical_tablet=&#8221;0px&#8221; box_shadow_blur_tablet=&#8221;40px&#8221; box_shadow_spread_tablet=&#8221;0px&#8221; vertical_offset_tablet=&#8221;0&#8243; horizontal_offset_tablet=&#8221;0&#8243; z_index_tablet=&#8221;0&#8243; \/][\/et_pb_column][et_pb_column type=&#8221;1_3&#8243; admin_label=&#8221;Column&#8221; global_parent=&#8221;31&#8243; _builder_version=&#8221;4.5.8&#8243; _module_preset=&#8221;default&#8221;][et_pb_number_counter global_parent=&#8221;31&#8243; _builder_version=&#8221;4.21.0&#8243; _module_preset=&#8221;default&#8221; title=&#8221;People&#8221; number=&#8221;1575&#8243; percent_sign=&#8221;off&#8221; hover_enabled=&#8221;0&#8243; background_pattern_color=&#8221;rgba(0,0,0,0.2)&#8221; background_mask_color=&#8221;#ffffff&#8221; text_shadow_horizontal_length=&#8221;text_shadow_style,%91object Object%93&#8243; text_shadow_horizontal_length_tablet=&#8221;0px&#8221; text_shadow_vertical_length=&#8221;text_shadow_style,%91object Object%93&#8243; text_shadow_vertical_length_tablet=&#8221;0px&#8221; text_shadow_blur_strength=&#8221;text_shadow_style,%91object Object%93&#8243; text_shadow_blur_strength_tablet=&#8221;1px&#8221; title_text_shadow_horizontal_length=&#8221;title_text_shadow_style,%91object Object%93&#8243; title_text_shadow_horizontal_length_tablet=&#8221;0px&#8221; title_text_shadow_vertical_length=&#8221;title_text_shadow_style,%91object Object%93&#8243; title_text_shadow_vertical_length_tablet=&#8221;0px&#8221; title_text_shadow_blur_strength=&#8221;title_text_shadow_style,%91object Object%93&#8243; title_text_shadow_blur_strength_tablet=&#8221;1px&#8221; number_text_color=&#8221;#ffa200&#8243; number_text_shadow_horizontal_length=&#8221;number_text_shadow_style,%91object Object%93&#8243; number_text_shadow_horizontal_length_tablet=&#8221;0px&#8221; number_text_shadow_vertical_length=&#8221;number_text_shadow_style,%91object Object%93&#8243; number_text_shadow_vertical_length_tablet=&#8221;0px&#8221; number_text_shadow_blur_strength=&#8221;number_text_shadow_style,%91object Object%93&#8243; number_text_shadow_blur_strength_tablet=&#8221;1px&#8221; box_shadow_horizontal_tablet=&#8221;0px&#8221; box_shadow_vertical_tablet=&#8221;0px&#8221; box_shadow_blur_tablet=&#8221;40px&#8221; box_shadow_spread_tablet=&#8221;0px&#8221; vertical_offset_tablet=&#8221;0&#8243; horizontal_offset_tablet=&#8221;0&#8243; z_index_tablet=&#8221;0&#8243; \/][\/et_pb_column][\/et_pb_row][\/et_pb_section]<\/p>\n","protected":false},"excerpt":{"rendered":"<p>The idea behind Monday Happy Monday Just imagine how much your company could change if its transformation were human-centred: focused on your employees and customers, and if you applied a method to the innovation process that connects analysis and creativity. Can you imagine that? We can. Monday Happy Monday was created with a view to [&hellip;]<\/p>\n","protected":false},"author":3,"featured_media":0,"parent":0,"menu_order":0,"comment_status":"closed","ping_status":"closed","template":"","meta":{"_et_pb_use_builder":"on","_et_pb_old_content":"","_et_gb_content_width":"","inline_featured_image":false,"_monsterinsights_skip_tracking":false,"_monsterinsights_sitenote_active":false,"_monsterinsights_sitenote_note":"","_monsterinsights_sitenote_category":0,"footnotes":""},"class_list":["post-1937","page","type-page","status-publish","hentry"],"yoast_head":"<!-- This site is optimized with the Yoast SEO plugin v27.1.1 - https:\/\/yoast.com\/product\/yoast-seo-wordpress\/ -->\n<title>What is MHM? - Monday Happy Monday<\/title>\n<meta name=\"description\" content=\"People-centric innovation allows us to come up with creative and effective solutions for employees and clients alike.\" \/>\n<meta name=\"robots\" content=\"index, follow, max-snippet:-1, max-image-preview:large, max-video-preview:-1\" \/>\n<link rel=\"canonical\" href=\"https:\/\/mondayhappymonday.com\/en\/what-is-mhm\/\" \/>\n<meta property=\"og:locale\" content=\"en_US\" \/>\n<meta property=\"og:type\" content=\"article\" \/>\n<meta property=\"og:title\" content=\"What is MHM? - Monday Happy Monday\" \/>\n<meta property=\"og:description\" content=\"People-centric innovation allows us to come up with creative and effective solutions for employees and clients alike.\" \/>\n<meta property=\"og:url\" content=\"https:\/\/mondayhappymonday.com\/en\/what-is-mhm\/\" \/>\n<meta property=\"og:site_name\" content=\"Monday Happy Monday\" \/>\n<meta property=\"article:modified_time\" content=\"2024-01-22T09:51:20+00:00\" \/>\n<meta property=\"og:image\" content=\"https:\/\/mondayhappymonday.com\/wp-content\/uploads\/2018\/11\/facebook-home-en.jpg\" \/>\n\t<meta property=\"og:image:width\" content=\"1200\" \/>\n\t<meta property=\"og:image:height\" content=\"630\" \/>\n\t<meta property=\"og:image:type\" content=\"image\/jpeg\" \/>\n<meta name=\"twitter:card\" content=\"summary_large_image\" \/>\n<meta name=\"twitter:image\" content=\"https:\/\/mondayhappymonday.com\/wp-content\/uploads\/2018\/11\/twitter-home-en.png\" \/>\n<meta name=\"twitter:site\" content=\"@MonHappyMon\" \/>\n<meta name=\"twitter:label1\" content=\"Est. reading time\" \/>\n\t<meta name=\"twitter:data1\" content=\"3 minutes\" \/>\n<script type=\"application\/ld+json\" class=\"yoast-schema-graph\">{\"@context\":\"https:\/\/schema.org\",\"@graph\":[{\"@type\":\"WebPage\",\"@id\":\"https:\/\/mondayhappymonday.com\/en\/what-is-mhm\/\",\"url\":\"https:\/\/mondayhappymonday.com\/en\/what-is-mhm\/\",\"name\":\"What is MHM? - Monday Happy Monday\",\"isPartOf\":{\"@id\":\"https:\/\/mondayhappymonday.com\/#website\"},\"datePublished\":\"2018-10-20T10:29:54+00:00\",\"dateModified\":\"2024-01-22T09:51:20+00:00\",\"description\":\"People-centric innovation allows us to come up with creative and effective solutions for employees and clients alike.\",\"breadcrumb\":{\"@id\":\"https:\/\/mondayhappymonday.com\/en\/what-is-mhm\/#breadcrumb\"},\"inLanguage\":\"en-US\",\"potentialAction\":[{\"@type\":\"ReadAction\",\"target\":[\"https:\/\/mondayhappymonday.com\/en\/what-is-mhm\/\"]}]},{\"@type\":\"BreadcrumbList\",\"@id\":\"https:\/\/mondayhappymonday.com\/en\/what-is-mhm\/#breadcrumb\",\"itemListElement\":[{\"@type\":\"ListItem\",\"position\":1,\"name\":\"Home\",\"item\":\"https:\/\/mondayhappymonday.com\/en\/\"},{\"@type\":\"ListItem\",\"position\":2,\"name\":\"What is MHM?\"}]},{\"@type\":\"WebSite\",\"@id\":\"https:\/\/mondayhappymonday.com\/#website\",\"url\":\"https:\/\/mondayhappymonday.com\/\",\"name\":\"Monday Happy Monday\",\"description\":\"Innovaci\u00f3 centrada en all\u00f2 hum\u00e0\",\"publisher\":{\"@id\":\"https:\/\/mondayhappymonday.com\/#organization\"},\"potentialAction\":[{\"@type\":\"SearchAction\",\"target\":{\"@type\":\"EntryPoint\",\"urlTemplate\":\"https:\/\/mondayhappymonday.com\/?s={search_term_string}\"},\"query-input\":{\"@type\":\"PropertyValueSpecification\",\"valueRequired\":true,\"valueName\":\"search_term_string\"}}],\"inLanguage\":\"en-US\"},{\"@type\":\"Organization\",\"@id\":\"https:\/\/mondayhappymonday.com\/#organization\",\"name\":\"Monday Happy Monday Consulting S.L.\",\"url\":\"https:\/\/mondayhappymonday.com\/\",\"logo\":{\"@type\":\"ImageObject\",\"inLanguage\":\"en-US\",\"@id\":\"https:\/\/mondayhappymonday.com\/#\/schema\/logo\/image\/\",\"url\":\"https:\/\/mondayhappymonday.com\/wp-content\/uploads\/2018\/10\/logo-color.svg\",\"contentUrl\":\"https:\/\/mondayhappymonday.com\/wp-content\/uploads\/2018\/10\/logo-color.svg\",\"width\":1,\"height\":1,\"caption\":\"Monday Happy Monday Consulting S.L.\"},\"image\":{\"@id\":\"https:\/\/mondayhappymonday.com\/#\/schema\/logo\/image\/\"},\"sameAs\":[\"https:\/\/x.com\/MonHappyMon\",\"https:\/\/www.linkedin.com\/company\/monday-happy-monday\/\"]}]}<\/script>\n<!-- \/ Yoast SEO plugin. -->","yoast_head_json":{"title":"What is MHM? - Monday Happy Monday","description":"People-centric innovation allows us to come up with creative and effective solutions for employees and clients alike.","robots":{"index":"index","follow":"follow","max-snippet":"max-snippet:-1","max-image-preview":"max-image-preview:large","max-video-preview":"max-video-preview:-1"},"canonical":"https:\/\/mondayhappymonday.com\/en\/what-is-mhm\/","og_locale":"en_US","og_type":"article","og_title":"What is MHM? - Monday Happy Monday","og_description":"People-centric innovation allows us to come up with creative and effective solutions for employees and clients alike.","og_url":"https:\/\/mondayhappymonday.com\/en\/what-is-mhm\/","og_site_name":"Monday Happy Monday","article_modified_time":"2024-01-22T09:51:20+00:00","og_image":[{"width":1200,"height":630,"url":"https:\/\/mondayhappymonday.com\/wp-content\/uploads\/2018\/11\/facebook-home-en.jpg","type":"image\/jpeg"}],"twitter_card":"summary_large_image","twitter_image":"https:\/\/mondayhappymonday.com\/wp-content\/uploads\/2018\/11\/twitter-home-en.png","twitter_site":"@MonHappyMon","twitter_misc":{"Est. reading time":"3 minutes"},"schema":{"@context":"https:\/\/schema.org","@graph":[{"@type":"WebPage","@id":"https:\/\/mondayhappymonday.com\/en\/what-is-mhm\/","url":"https:\/\/mondayhappymonday.com\/en\/what-is-mhm\/","name":"What is MHM? - Monday Happy Monday","isPartOf":{"@id":"https:\/\/mondayhappymonday.com\/#website"},"datePublished":"2018-10-20T10:29:54+00:00","dateModified":"2024-01-22T09:51:20+00:00","description":"People-centric innovation allows us to come up with creative and effective solutions for employees and clients alike.","breadcrumb":{"@id":"https:\/\/mondayhappymonday.com\/en\/what-is-mhm\/#breadcrumb"},"inLanguage":"en-US","potentialAction":[{"@type":"ReadAction","target":["https:\/\/mondayhappymonday.com\/en\/what-is-mhm\/"]}]},{"@type":"BreadcrumbList","@id":"https:\/\/mondayhappymonday.com\/en\/what-is-mhm\/#breadcrumb","itemListElement":[{"@type":"ListItem","position":1,"name":"Home","item":"https:\/\/mondayhappymonday.com\/en\/"},{"@type":"ListItem","position":2,"name":"What is MHM?"}]},{"@type":"WebSite","@id":"https:\/\/mondayhappymonday.com\/#website","url":"https:\/\/mondayhappymonday.com\/","name":"Monday Happy Monday","description":"Innovaci\u00f3 centrada en all\u00f2 hum\u00e0","publisher":{"@id":"https:\/\/mondayhappymonday.com\/#organization"},"potentialAction":[{"@type":"SearchAction","target":{"@type":"EntryPoint","urlTemplate":"https:\/\/mondayhappymonday.com\/?s={search_term_string}"},"query-input":{"@type":"PropertyValueSpecification","valueRequired":true,"valueName":"search_term_string"}}],"inLanguage":"en-US"},{"@type":"Organization","@id":"https:\/\/mondayhappymonday.com\/#organization","name":"Monday Happy Monday Consulting S.L.","url":"https:\/\/mondayhappymonday.com\/","logo":{"@type":"ImageObject","inLanguage":"en-US","@id":"https:\/\/mondayhappymonday.com\/#\/schema\/logo\/image\/","url":"https:\/\/mondayhappymonday.com\/wp-content\/uploads\/2018\/10\/logo-color.svg","contentUrl":"https:\/\/mondayhappymonday.com\/wp-content\/uploads\/2018\/10\/logo-color.svg","width":1,"height":1,"caption":"Monday Happy Monday Consulting S.L."},"image":{"@id":"https:\/\/mondayhappymonday.com\/#\/schema\/logo\/image\/"},"sameAs":["https:\/\/x.com\/MonHappyMon","https:\/\/www.linkedin.com\/company\/monday-happy-monday\/"]}]}},"_links":{"self":[{"href":"https:\/\/mondayhappymonday.com\/en\/wp-json\/wp\/v2\/pages\/1937","targetHints":{"allow":["GET"]}}],"collection":[{"href":"https:\/\/mondayhappymonday.com\/en\/wp-json\/wp\/v2\/pages"}],"about":[{"href":"https:\/\/mondayhappymonday.com\/en\/wp-json\/wp\/v2\/types\/page"}],"author":[{"embeddable":true,"href":"https:\/\/mondayhappymonday.com\/en\/wp-json\/wp\/v2\/users\/3"}],"replies":[{"embeddable":true,"href":"https:\/\/mondayhappymonday.com\/en\/wp-json\/wp\/v2\/comments?post=1937"}],"version-history":[{"count":8,"href":"https:\/\/mondayhappymonday.com\/en\/wp-json\/wp\/v2\/pages\/1937\/revisions"}],"predecessor-version":[{"id":9002,"href":"https:\/\/mondayhappymonday.com\/en\/wp-json\/wp\/v2\/pages\/1937\/revisions\/9002"}],"wp:attachment":[{"href":"https:\/\/mondayhappymonday.com\/en\/wp-json\/wp\/v2\/media?parent=1937"}],"curies":[{"name":"wp","href":"https:\/\/api.w.org\/{rel}","templated":true}]}}