{"id":1824,"date":"2018-11-04T17:51:17","date_gmt":"2018-11-04T17:51:17","guid":{"rendered":"https:\/\/www.mondayhappymonday.com\/metodologies-de-treball\/"},"modified":"2024-01-22T10:51:20","modified_gmt":"2024-01-22T09:51:20","slug":"work-methodologies","status":"publish","type":"page","link":"https:\/\/mondayhappymonday.com\/en\/work-methodologies\/","title":{"rendered":"Work methodologies"},"content":{"rendered":"<p>[et_pb_section bb_built=&#8221;1&#8243; _builder_version=&#8221;3.16.1&#8243; module_class=&#8221;interior subhome&#8221; next_background_color=&#8221;#005a84&#8243;][et_pb_row _builder_version=&#8221;3.16.1&#8243; module_class=&#8221;titol&#8221;][et_pb_column type=&#8221;4_4&#8243;][et_pb_text admin_label=&#8221;T\u00edtol&#8221; _builder_version=&#8221;3.16.1&#8243;]<\/p>\n<h1>Work methodologies<\/h1>\n<p>[\/et_pb_text][\/et_pb_column][\/et_pb_row][et_pb_row _builder_version=&#8221;3.16.1&#8243; module_class=&#8221;entradeta&#8221;][et_pb_column type=&#8221;4_4&#8243;][\/et_pb_column][\/et_pb_row][et_pb_row _builder_version=&#8221;3.16.1&#8243; module_id=&#8221;blog-subhome&#8221;][et_pb_column type=&#8221;4_4&#8243;][et_pb_blog _builder_version=&#8221;3.16.1&#8243; fullwidth=&#8221;off&#8221; posts_number=&#8221;12&#8243; include_categories=&#8221;1&#8243; show_author=&#8221;off&#8221; show_date=&#8221;off&#8221; show_categories=&#8221;off&#8221; \/][\/et_pb_column][\/et_pb_row][\/et_pb_section][et_pb_section bb_built=&#8221;1&#8243; specialty=&#8221;off&#8221; _builder_version=&#8221;3.16.1&#8243; module_id=&#8221;newsletter-home&#8221; background_color=&#8221;#005a84&#8243; prev_background_color=&#8221;#ffffff&#8221;][et_pb_row _builder_version=&#8221;3.16.1&#8243;][et_pb_column type=&#8221;4_4&#8243;][et_pb_text admin_label=&#8221;T\u00edtol %22Subscriu-t&#8217;hi%22&#8243; _builder_version=&#8221;3.16.1&#8243; module_class=&#8221;titol-fila&#8221;]<\/p>\n<p>Subscribe<\/p>\n<p>[\/et_pb_text][et_pb_text admin_label=&#8221;Entradeta&#8221; _builder_version=&#8221;3.16.1&#8243; module_id=&#8221;entradeta-mailchimp&#8221;]<\/p>\n<p>Enter your email address to receive news and updates from Monday Happy Monday<\/p>\n<p>[\/et_pb_text][\/et_pb_column][\/et_pb_row][et_pb_row background_position=&#8221;top_left&#8221; background_repeat=&#8221;repeat&#8221; background_size=&#8221;initial&#8221;][et_pb_column type=&#8221;4_4&#8243;][et_pb_text admin_label=&#8221;Formulari Mailchimp&#8221; _builder_version=&#8221;3.16.1&#8243; module_id=&#8221;formulari-mailchimp&#8221;]<\/p>\n\n\t<section id=\"yikes-mailchimp-container-4\" class=\"yikes-mailchimp-container yikes-mailchimp-container-4 \">\n\t\t\t\t<form id=\"mailchimp-en-4\" class=\"yikes-easy-mc-form yikes-easy-mc-form-4  \" method=\"POST\" data-attr-form-id=\"4\">\n\n\t\t\t\t\t\t\t\t\t\t\t\t\t<label for=\"yikes-easy-mc-form-4-EMAIL\"  class=\"EMAIL-label yikes-mailchimp-field-required \">\n\n\t\t\t\t\t\t\t\t\t\t<!-- dictate label visibility -->\n\t\t\t\t\t\t\t\t\t\t\n\t\t\t\t\t\t\t\t\t\t<!-- Description Above -->\n\t\t\t\t\t\t\t\t\t\t\n\t\t\t\t\t\t\t\t\t\t<input id=\"yikes-easy-mc-form-4-EMAIL\"  name=\"EMAIL\"  placeholder=\"Your Email\"  class=\"yikes-easy-mc-email field-no-label\"  required=\"required\" type=\"email\"  value=\"\">\n\n\t\t\t\t\t\t\t\t\t\t<!-- Description Below -->\n\t\t\t\t\t\t\t\t\t\t\n\t\t\t\t\t\t\t\t\t<\/label>\n\t\t\t\t\t\t\t\t\t\n\t\t\t\t<!-- Honeypot Trap -->\n\t\t\t\t<input type=\"hidden\" name=\"yikes-mailchimp-honeypot\" id=\"yikes-mailchimp-honeypot-4\" value=\"\">\n\n\t\t\t\t<!-- List ID -->\n\t\t\t\t<input type=\"hidden\" name=\"yikes-mailchimp-associated-list-id\" id=\"yikes-mailchimp-associated-list-id-4\" value=\"4e4843f6e8\">\n\n\t\t\t\t<!-- The form that is being submitted! Used to display error\/success messages above the correct form -->\n\t\t\t\t<input type=\"hidden\" name=\"yikes-mailchimp-submitted-form\" id=\"yikes-mailchimp-submitted-form-4\" value=\"4\">\n\n\t\t\t\t<!-- Submit Button -->\n\t\t\t\t<button type=\"submit\" class=\"yikes-easy-mc-submit-button yikes-easy-mc-submit-button-4 btn btn-primary \"> <span class=\"yikes-mailchimp-submit-button-span-text\">Send<\/span><\/button>\t\t\t\t<!-- Nonce Security Check -->\n\t\t\t\t<input type=\"hidden\" id=\"yikes_easy_mc_new_subscriber_4\" name=\"yikes_easy_mc_new_subscriber\" value=\"a93aa227f9\">\n\t\t\t\t<input type=\"hidden\" name=\"_wp_http_referer\" value=\"\/en\/wp-json\/wp\/v2\/pages\/1824\" \/>\n\t\t\t<\/form>\n\t\t\t<!-- Mailchimp Form generated by Easy Forms for Mailchimp v6.9.0 (https:\/\/wordpress.org\/plugins\/yikes-inc-easy-mailchimp-extender\/) -->\n\n\t\t\t<\/section>\n\t\n<p>[\/et_pb_text][\/et_pb_column][\/et_pb_row][\/et_pb_section]<\/p>\n","protected":false},"excerpt":{"rendered":"<p>Work methodologies Subscribe Enter your email address to receive news and updates from Monday Happy Monday \n\t<section id=\"yikes-mailchimp-container-4\" class=\"yikes-mailchimp-container yikes-mailchimp-container-4 \">\n\t\t\t\t<form id=\"mailchimp-en-4\" class=\"yikes-easy-mc-form yikes-easy-mc-form-4  \" method=\"POST\" data-attr-form-id=\"4\">\n\n\t\t\t\t\t\t\t\t\t\t\t\t\t<label for=\"yikes-easy-mc-form-4-EMAIL\"  class=\"EMAIL-label yikes-mailchimp-field-required \">\n\n\t\t\t\t\t\t\t\t\t\t<!-- dictate label visibility -->\n\t\t\t\t\t\t\t\t\t\t\n\t\t\t\t\t\t\t\t\t\t<!-- Description Above -->\n\t\t\t\t\t\t\t\t\t\t\n\t\t\t\t\t\t\t\t\t\t<input id=\"yikes-easy-mc-form-4-EMAIL\"  name=\"EMAIL\"  placeholder=\"Your Email\"  class=\"yikes-easy-mc-email field-no-label\"  required=\"required\" type=\"email\"  value=\"\">\n\n\t\t\t\t\t\t\t\t\t\t<!-- Description Below -->\n\t\t\t\t\t\t\t\t\t\t\n\t\t\t\t\t\t\t\t\t<\/label>\n\t\t\t\t\t\t\t\t\t\n\t\t\t\t<!-- Honeypot Trap -->\n\t\t\t\t<input type=\"hidden\" name=\"yikes-mailchimp-honeypot\" id=\"yikes-mailchimp-honeypot-4\" value=\"\">\n\n\t\t\t\t<!-- List ID -->\n\t\t\t\t<input type=\"hidden\" name=\"yikes-mailchimp-associated-list-id\" id=\"yikes-mailchimp-associated-list-id-4\" value=\"4e4843f6e8\">\n\n\t\t\t\t<!-- The form that is being submitted! Used to display error\/success messages above the correct form -->\n\t\t\t\t<input type=\"hidden\" name=\"yikes-mailchimp-submitted-form\" id=\"yikes-mailchimp-submitted-form-4\" value=\"4\">\n\n\t\t\t\t<!-- Submit Button -->\n\t\t\t\t<button type=\"submit\" class=\"yikes-easy-mc-submit-button yikes-easy-mc-submit-button-4 btn btn-primary \"> <span class=\"yikes-mailchimp-submit-button-span-text\">Send<\/span><\/button>\t\t\t\t<!-- Nonce Security Check -->\n\t\t\t\t<input type=\"hidden\" id=\"yikes_easy_mc_new_subscriber_4\" name=\"yikes_easy_mc_new_subscriber\" value=\"a93aa227f9\">\n\t\t\t\t<input type=\"hidden\" name=\"_wp_http_referer\" value=\"\/en\/wp-json\/wp\/v2\/pages\/1824\" \/>\n\t\t\t<\/form>\n\t\t\t<!-- Mailchimp Form generated by Easy Forms for Mailchimp v6.9.0 (https:\/\/wordpress.org\/plugins\/yikes-inc-easy-mailchimp-extender\/) -->\n\n\t\t\t<\/section>\n\t<\/p>\n","protected":false},"author":3,"featured_media":0,"parent":0,"menu_order":0,"comment_status":"closed","ping_status":"closed","template":"","meta":{"_et_pb_use_builder":"on","_et_pb_old_content":"","_et_gb_content_width":"","inline_featured_image":false,"_monsterinsights_skip_tracking":false,"_monsterinsights_sitenote_active":false,"_monsterinsights_sitenote_note":"","_monsterinsights_sitenote_category":0,"footnotes":""},"class_list":["post-1824","page","type-page","status-publish","hentry"],"yoast_head":"<!-- This site is optimized with the Yoast SEO plugin v27.1.1 - https:\/\/yoast.com\/product\/yoast-seo-wordpress\/ -->\n<title>Work methodologies - Monday Happy Monday<\/title>\n<meta name=\"robots\" content=\"index, follow, max-snippet:-1, max-image-preview:large, max-video-preview:-1\" \/>\n<link rel=\"canonical\" href=\"https:\/\/mondayhappymonday.com\/en\/work-methodologies\/\" \/>\n<meta property=\"og:locale\" content=\"en_US\" \/>\n<meta property=\"og:type\" content=\"article\" \/>\n<meta property=\"og:title\" content=\"Work methodologies - Monday Happy Monday\" \/>\n<meta property=\"og:description\" content=\"Work methodologies Subscribe Enter your email address to receive news and updates from Monday Happy Monday\" \/>\n<meta property=\"og:url\" content=\"https:\/\/mondayhappymonday.com\/en\/work-methodologies\/\" \/>\n<meta property=\"og:site_name\" content=\"Monday Happy Monday\" \/>\n<meta property=\"article:modified_time\" content=\"2024-01-22T09:51:20+00:00\" \/>\n<meta name=\"twitter:card\" content=\"summary_large_image\" \/>\n<meta name=\"twitter:site\" content=\"@MonHappyMon\" \/>\n<meta name=\"twitter:label1\" content=\"Est. reading time\" \/>\n\t<meta name=\"twitter:data1\" content=\"1 minute\" \/>\n<script type=\"application\/ld+json\" class=\"yoast-schema-graph\">{\"@context\":\"https:\/\/schema.org\",\"@graph\":[{\"@type\":\"WebPage\",\"@id\":\"https:\/\/mondayhappymonday.com\/en\/work-methodologies\/\",\"url\":\"https:\/\/mondayhappymonday.com\/en\/work-methodologies\/\",\"name\":\"Work methodologies - Monday Happy Monday\",\"isPartOf\":{\"@id\":\"https:\/\/mondayhappymonday.com\/#website\"},\"datePublished\":\"2018-11-04T17:51:17+00:00\",\"dateModified\":\"2024-01-22T09:51:20+00:00\",\"breadcrumb\":{\"@id\":\"https:\/\/mondayhappymonday.com\/en\/work-methodologies\/#breadcrumb\"},\"inLanguage\":\"en-US\",\"potentialAction\":[{\"@type\":\"ReadAction\",\"target\":[\"https:\/\/mondayhappymonday.com\/en\/work-methodologies\/\"]}]},{\"@type\":\"BreadcrumbList\",\"@id\":\"https:\/\/mondayhappymonday.com\/en\/work-methodologies\/#breadcrumb\",\"itemListElement\":[{\"@type\":\"ListItem\",\"position\":1,\"name\":\"Home\",\"item\":\"https:\/\/mondayhappymonday.com\/en\/\"},{\"@type\":\"ListItem\",\"position\":2,\"name\":\"Work methodologies\"}]},{\"@type\":\"WebSite\",\"@id\":\"https:\/\/mondayhappymonday.com\/#website\",\"url\":\"https:\/\/mondayhappymonday.com\/\",\"name\":\"Monday Happy Monday\",\"description\":\"Innovaci\u00f3 centrada en all\u00f2 hum\u00e0\",\"publisher\":{\"@id\":\"https:\/\/mondayhappymonday.com\/#organization\"},\"potentialAction\":[{\"@type\":\"SearchAction\",\"target\":{\"@type\":\"EntryPoint\",\"urlTemplate\":\"https:\/\/mondayhappymonday.com\/?s={search_term_string}\"},\"query-input\":{\"@type\":\"PropertyValueSpecification\",\"valueRequired\":true,\"valueName\":\"search_term_string\"}}],\"inLanguage\":\"en-US\"},{\"@type\":\"Organization\",\"@id\":\"https:\/\/mondayhappymonday.com\/#organization\",\"name\":\"Monday Happy Monday Consulting S.L.\",\"url\":\"https:\/\/mondayhappymonday.com\/\",\"logo\":{\"@type\":\"ImageObject\",\"inLanguage\":\"en-US\",\"@id\":\"https:\/\/mondayhappymonday.com\/#\/schema\/logo\/image\/\",\"url\":\"https:\/\/mondayhappymonday.com\/wp-content\/uploads\/2018\/10\/logo-color.svg\",\"contentUrl\":\"https:\/\/mondayhappymonday.com\/wp-content\/uploads\/2018\/10\/logo-color.svg\",\"width\":1,\"height\":1,\"caption\":\"Monday Happy Monday Consulting S.L.\"},\"image\":{\"@id\":\"https:\/\/mondayhappymonday.com\/#\/schema\/logo\/image\/\"},\"sameAs\":[\"https:\/\/x.com\/MonHappyMon\",\"https:\/\/www.linkedin.com\/company\/monday-happy-monday\/\"]}]}<\/script>\n<!-- \/ Yoast SEO plugin. -->","yoast_head_json":{"title":"Work methodologies - Monday Happy Monday","robots":{"index":"index","follow":"follow","max-snippet":"max-snippet:-1","max-image-preview":"max-image-preview:large","max-video-preview":"max-video-preview:-1"},"canonical":"https:\/\/mondayhappymonday.com\/en\/work-methodologies\/","og_locale":"en_US","og_type":"article","og_title":"Work methodologies - Monday Happy Monday","og_description":"Work methodologies Subscribe Enter your email address to receive news and updates from Monday Happy Monday","og_url":"https:\/\/mondayhappymonday.com\/en\/work-methodologies\/","og_site_name":"Monday Happy Monday","article_modified_time":"2024-01-22T09:51:20+00:00","twitter_card":"summary_large_image","twitter_site":"@MonHappyMon","twitter_misc":{"Est. reading time":"1 minute"},"schema":{"@context":"https:\/\/schema.org","@graph":[{"@type":"WebPage","@id":"https:\/\/mondayhappymonday.com\/en\/work-methodologies\/","url":"https:\/\/mondayhappymonday.com\/en\/work-methodologies\/","name":"Work methodologies - Monday Happy Monday","isPartOf":{"@id":"https:\/\/mondayhappymonday.com\/#website"},"datePublished":"2018-11-04T17:51:17+00:00","dateModified":"2024-01-22T09:51:20+00:00","breadcrumb":{"@id":"https:\/\/mondayhappymonday.com\/en\/work-methodologies\/#breadcrumb"},"inLanguage":"en-US","potentialAction":[{"@type":"ReadAction","target":["https:\/\/mondayhappymonday.com\/en\/work-methodologies\/"]}]},{"@type":"BreadcrumbList","@id":"https:\/\/mondayhappymonday.com\/en\/work-methodologies\/#breadcrumb","itemListElement":[{"@type":"ListItem","position":1,"name":"Home","item":"https:\/\/mondayhappymonday.com\/en\/"},{"@type":"ListItem","position":2,"name":"Work methodologies"}]},{"@type":"WebSite","@id":"https:\/\/mondayhappymonday.com\/#website","url":"https:\/\/mondayhappymonday.com\/","name":"Monday Happy Monday","description":"Innovaci\u00f3 centrada en all\u00f2 hum\u00e0","publisher":{"@id":"https:\/\/mondayhappymonday.com\/#organization"},"potentialAction":[{"@type":"SearchAction","target":{"@type":"EntryPoint","urlTemplate":"https:\/\/mondayhappymonday.com\/?s={search_term_string}"},"query-input":{"@type":"PropertyValueSpecification","valueRequired":true,"valueName":"search_term_string"}}],"inLanguage":"en-US"},{"@type":"Organization","@id":"https:\/\/mondayhappymonday.com\/#organization","name":"Monday Happy Monday Consulting S.L.","url":"https:\/\/mondayhappymonday.com\/","logo":{"@type":"ImageObject","inLanguage":"en-US","@id":"https:\/\/mondayhappymonday.com\/#\/schema\/logo\/image\/","url":"https:\/\/mondayhappymonday.com\/wp-content\/uploads\/2018\/10\/logo-color.svg","contentUrl":"https:\/\/mondayhappymonday.com\/wp-content\/uploads\/2018\/10\/logo-color.svg","width":1,"height":1,"caption":"Monday Happy Monday Consulting S.L."},"image":{"@id":"https:\/\/mondayhappymonday.com\/#\/schema\/logo\/image\/"},"sameAs":["https:\/\/x.com\/MonHappyMon","https:\/\/www.linkedin.com\/company\/monday-happy-monday\/"]}]}},"_links":{"self":[{"href":"https:\/\/mondayhappymonday.com\/en\/wp-json\/wp\/v2\/pages\/1824","targetHints":{"allow":["GET"]}}],"collection":[{"href":"https:\/\/mondayhappymonday.com\/en\/wp-json\/wp\/v2\/pages"}],"about":[{"href":"https:\/\/mondayhappymonday.com\/en\/wp-json\/wp\/v2\/types\/page"}],"author":[{"embeddable":true,"href":"https:\/\/mondayhappymonday.com\/en\/wp-json\/wp\/v2\/users\/3"}],"replies":[{"embeddable":true,"href":"https:\/\/mondayhappymonday.com\/en\/wp-json\/wp\/v2\/comments?post=1824"}],"version-history":[{"count":3,"href":"https:\/\/mondayhappymonday.com\/en\/wp-json\/wp\/v2\/pages\/1824\/revisions"}],"predecessor-version":[{"id":2564,"href":"https:\/\/mondayhappymonday.com\/en\/wp-json\/wp\/v2\/pages\/1824\/revisions\/2564"}],"wp:attachment":[{"href":"https:\/\/mondayhappymonday.com\/en\/wp-json\/wp\/v2\/media?parent=1824"}],"curies":[{"name":"wp","href":"https:\/\/api.w.org\/{rel}","templated":true}]}}