{"id":793,"date":"2018-11-07T12:01:09","date_gmt":"2018-11-07T12:01:09","guid":{"rendered":"https:\/\/www.mondayhappymonday.com\/?page_id=793"},"modified":"2018-11-27T14:51:04","modified_gmt":"2018-11-27T14:51:04","slug":"avis-legal","status":"publish","type":"page","link":"https:\/\/mondayhappymonday.com\/ca\/avis-legal\/","title":{"rendered":"Av\u00eds legal"},"content":{"rendered":"<p>[et_pb_section bb_built=&#8221;1&#8243; _builder_version=&#8221;3.16.1&#8243; module_class=&#8221;interior fitxa blog&#8221; next_background_color=&#8221;#005a84&#8243;][et_pb_row _builder_version=&#8221;3.16.1&#8243;][et_pb_column type=&#8221;1_5&#8243;][\/et_pb_column][et_pb_column type=&#8221;3_5&#8243;][et_pb_text admin_label=&#8221;T\u00edtol&#8221; _builder_version=&#8221;3.16.1&#8243;]<\/p>\n<h1>Pol\u00edtica de protecci\u00f3 de dades<\/h1>\n<p>[\/et_pb_text][et_pb_text _builder_version=&#8221;3.16.1&#8243; module_class=&#8221;text&#8221;]<\/p>\n<p><strong>I. INFORMACI\u00d3 B\u00c0SICA<\/strong><\/p>\n<p>Informaci\u00f3 B\u00e0sica sobre la protecci\u00f3 de dades:<\/p>\n<ul>\n<li><strong>Responsable<\/strong>. Monday Happy Monday Consulting S.L., amb direcci\u00f3 a Marqu\u00e8s de Mulhacen 21, 08034 Barcelona amb CIF: B-66946260.<\/li>\n<li><strong>Categoria de dades<\/strong>. Dades de contacte i de car\u00e0cter identificatiu i altres dades que vost\u00e8 ens proporcioni.<\/li>\n<li><strong>Finalitat<\/strong>. Comunicaci\u00f3 d\u2019informaci\u00f3 sobre activitats, not\u00edcies rellevants, esdeveniments, promocions i ofertes a trav\u00e9s del butllet\u00ed digital de Monday Happy Monday Consulting.<\/li>\n<li><strong>Legitimaci\u00f3<\/strong>. Consentiment de l\u2019interessat.<\/li>\n<li><strong>Destinataris<\/strong>. No s\u2019efectuen cessions de dades a tercers, ni aquests es transfereixen internacionalment. Sense perjudici de l\u2019anterior, les dades personals seran accedits per prove\u00efdors de serveis.<\/li>\n<li><strong>Drets<\/strong>. Pot exercitar els seus drets d\u2019acc\u00e9s, rectificaci\u00f3, supressi\u00f3, portabilitat i limitaci\u00f3 del tractament davant el responsable del tractament. Aix\u00ed mateix, pot revocar el seu consentiment en qualsevol moment mitjan\u00e7ant comunicaci\u00f3 dirigint-se a Monday Happy Monday Consulting S.L. amb direcci\u00f3 a Marqu\u00e8s de Mulhacen 21, 08034 Barcelona, i mitjan\u00e7ant correu electr\u00f2nic a la seg\u00fcent adre\u00e7a: <a href=\"&#x6d;a&#x69;l&#x74;&#111;&#x3a;&#109;h&#x6d;&#64;&#x6d;&#111;&#x6e;&#100;&#x61;&#121;h&#x61;p&#x70;&#121;&#x6d;&#111;&#x6e;&#x64;a&#x79;&#46;&#x63;&#111;&#x6d;\">&#109;&#x68;m&#64;&#x6d;o&#x6e;&#x64;&#97;&#x79;h&#97;&#x70;p&#121;&#x6d;&#111;&#x6e;d&#97;&#x79;&#46;&#99;&#x6f;&#109;<\/a><\/li>\n<li><strong>Proced\u00e8ncia<\/strong>. Nom\u00e9s tractem les dades personals que vost\u00e8 ens faciliti.<\/li>\n<li><strong>Informaci\u00f3 addicional<\/strong>. Podeu trobar m\u00e9s informaci\u00f3 a continuaci\u00f3:<\/li>\n<\/ul>\n<p><strong>II. INFORMACI\u00d3N DETALLADA<\/strong><\/p>\n<p>Aquesta pol\u00edtica de privacitat descriu la forma en qu\u00e8 Monday Happy Monday Consulting S.L. , amb domicili a Marqu\u00e8s de Mulhacen 21, 08034 Barcelona, tractar\u00e0 les dades de car\u00e0cter personal que ens proporcioni, i que, si s\u2019escau obtinguem sobre vost\u00e8.<\/p>\n<p>1. Dades personals que tractem:<\/p>\n<p>Nosaltres tractem les dades personals de car\u00e0cter identificatiu i professional que vost\u00e8 ens proporciona a trav\u00e9s del web <a href=\"https:\/\/mondayhappymonday.com\">https:\/\/mondayhappymonday.com<\/a>.<\/p>\n<p>Recordeu que la informaci\u00f3 assenyalada com a obligat\u00f2ria per exemple mitjan\u00e7ant l\u2019\u00fas d\u2019un (*) que acompanyi aquells camps obligatoris \u00e9s imprescindible per poder posar-nos en contacte amb Vost\u00e8 i facilitar-li informaci\u00f3 relativa a Monday Happy Monday Consulting S.L. que pogu\u00e9s ser del seu inter\u00e8s, de manera que, de no facilitar-la, no ser\u00e0 possible mantenir-lo informat sobre aix\u00f2.<\/p>\n<p>Nosaltres podrem tractar les seg\u00fcents categories de dades personals proporcionades per vost\u00e8 a l\u2019estar en el nostre butllet\u00ed o formulari de contacte a trav\u00e9s del web:<\/p>\n<ul>\n<li>Dades de car\u00e0cter identificatiu, com a nom, cognoms, tel\u00e8fon, correu electr\u00f2nic.<\/li>\n<li>Dades de car\u00e0cter professional, com a empresa, c\u00e0rrec en l\u2019empresa i dades de contacte.<\/li>\n<li>Com i amb quina base tractem les seves dades personals<\/li>\n<\/ul>\n<p>Les seves dades personals seran tractades per a les finalitats i amb les bases legitimadores que s\u2019indiquen a continuaci\u00f3:<\/p>\n<p>Enviament de comunicacions comercials i not\u00edcies, en relaci\u00f3 a activitats, not\u00edcies rellevants, esdeveniments, sortejos promocions i ofertes que puguin ser del seu inter\u00e8s a trav\u00e9s de la newsletter digital de Monday Happy Monday Consulting S.L. , En aquells casos en qu\u00e8 hagu\u00e9s atorgat el seu consentiment.<\/p>\n<p><strong>III. ELS SEUS DRETS<\/strong><\/p>\n<p>Vost\u00e8 t\u00e9 dret que Monday Happy Monday Consulting S.L. li confirmi si s\u2019estan tractant o no les seves dades personals i, si escau, a sol\u00b7licitar l\u2019acc\u00e9s a les dades personals ia determinada informaci\u00f3 sobre el tractament (fins, categories de dades tractades i destinataris, entre d\u2019altres aspectes) (dret d\u2019acc\u00e9s) . Aix\u00ed mateix, t\u00e9 dret a sol\u00b7licitar la rectificaci\u00f3 de les dades inexactes (dret de rectificaci\u00f3), aix\u00ed com la supressi\u00f3 dels mateixos quan, entre d\u2019altres motius, aquests ja no siguin necessaris per als fins per als quals van ser recollits (dret de supressi\u00f3). En determinades circumst\u00e0ncies (per exemple, en el cas que l\u2019interessat impugni l\u2019exactitud de les seves dades, mentre es verifica l\u2019exactitud dels mateixos), Vost\u00e8 podr\u00e0 sol\u00b7licitar que es limiti el tractament de les seves dades personals, sent aquests \u00fanicament tractats per a l\u2019exercici o la defensa de reclamacions (dret a la limitaci\u00f3 del tractament). Finalment, t\u00e9 vost\u00e8 la possibilitat d\u2019exercir el seu dret a la portabilitat de les dades, \u00e9s a dir, a rebre les dades personals en un format estructurat, d\u2019\u00fas com\u00fa i lectura mec\u00e0nica, ja transmetre\u2019ls a un altre responsable del tractament sense que el responsable al qual se\u2019ls hagu\u00e9s facilitat li ho impedeixi, en els sup\u00f2sits legalment previstos a aquest efecte (dret a la portabilitat de les dades).<\/p>\n<p>Vost\u00e8 podr\u00e0 exercir els seus drets o revocar els seus consentiments prestats en la present Pol\u00edtica en qualsevol moment dirigint-se a Monday Happy Monday Consulting S.L. , Amb domicili a amb domicili a Marqu\u00e8s de Mulhacen 21, 08034 Barcelona, o mitjan\u00e7ant correu electr\u00f2nic a la seg\u00fcent adre\u00e7a: <a href=\"&#x6d;&#x61;&#x69;&#x6c;&#x74;&#x6f;&#x3a;&#109;&#104;&#109;&#64;&#109;onda&#x79;&#x68;&#x61;&#x70;&#x70;&#x79;&#x6d;&#x6f;&#110;&#100;&#97;&#121;&#46;com\">&#x6d;&#x68;&#x6d;&#64;&#109;on&#x64;&#x61;&#x79;&#104;&#97;pp&#x79;&#x6d;&#x6f;&#110;&#100;ay&#x2e;&#x63;&#x6f;&#109;<\/a><\/p>\n<p>Tamb\u00e9 tindr\u00e0 dret a presentar una reclamaci\u00f3 davant l\u2019Ag\u00e8ncia Espanyola de Protecci\u00f3 de Dades, especialment quan no hagi rebut satisfacci\u00f3 en l\u2019exercici dels seus drets.<\/p>\n<p><strong>IV. DESTINATARIS DE LES SEVES DADES PERSONALS<\/strong><\/p>\n<p>Nosaltres no cedim les seves dades personals a cap tercer, ni els transferim internacionalment.<\/p>\n<p>Sense perjudici de l\u2019anterior, les seves dades seran accedits pels seg\u00fcents prestadors de serveis professionals que es requereixen per dur a terme els tractaments de dades que es recullen en l\u2019apartat segon d\u2019aquesta Pol\u00edtica, entre d\u2019altres:<\/p>\n<p>MailChimp, Serveis de Missatgeria i enviament de butlletins. The Rocket Science Group LLC d \/ b \/ a MailChimp, a State of Georgia limited liability company. Aquesta empresa es troba ubicada als EUA. Recentment es va signar un conveni entre la UE i els EUA sota el nom Privacy Shield (escut de privacitat entre la UE-EUA) i totes les empreses sota aquest Conveni tenen una protecci\u00f3 adequada, de manera que es permet la transfer\u00e8ncia internacional de dades. Mailchimp est\u00e0 acollida a l\u2019escut de privacitat, de manera que compleix amb les mesures de seguretat imposades per la legislaci\u00f3 europea. Per tant, l\u2019usuari \u00e9s conscient i accepta que les seves dades personals seran emmagatzemades per Mailchimp, per a la subscripci\u00f3 i l\u2019enviament de butlletins electr\u00f2nics.<\/p>\n<p><strong>V. CONSERVACI\u00d3 DE LES SEVES DADES PERSONALS<\/strong><\/p>\n<p>Conservarem les seves dades personals mentre no revoqui el seu consentiment per a l\u2019enviament de la newsletter digital de Monday Happy Monday Consulting S.L., i si \u00e9s el cas pel temps que resulti necessari per poder complir qualsevol obligaci\u00f3 legal que es derivi del tractament dels mateixos. Transcorregut aquest termini, les seves dades seran suprimides.<\/p>\n<p>[\/et_pb_text][\/et_pb_column][et_pb_column type=&#8221;1_5&#8243;][\/et_pb_column][\/et_pb_row][\/et_pb_section][et_pb_section bb_built=&#8221;1&#8243; specialty=&#8221;off&#8221; _builder_version=&#8221;3.16.1&#8243; module_id=&#8221;newsletter-home&#8221; background_color=&#8221;#005a84&#8243; prev_background_color=&#8221;#ffffff&#8221; global_module=&#8221;297&#8243;][et_pb_row global_parent=&#8221;297&#8243; _builder_version=&#8221;3.16.1&#8243;][et_pb_column type=&#8221;4_4&#8243;][et_pb_text admin_label=&#8221;T\u00edtol %22Subscriu-t&#8217;hi%22&#8243; global_parent=&#8221;297&#8243; _builder_version=&#8221;3.16.1&#8243; module_class=&#8221;titol-fila&#8221;]<\/p>\n<p>Subscribe<\/p>\n<p>[\/et_pb_text][et_pb_text admin_label=&#8221;Entradeta&#8221; global_parent=&#8221;297&#8243; _builder_version=&#8221;3.16.1&#8243; module_id=&#8221;entradeta-mailchimp&#8221;]<\/p>\n<p>Enter your email address to receive news and updates from Monday Happy Monday<\/p>\n<p>[\/et_pb_text][\/et_pb_column][\/et_pb_row][et_pb_row global_parent=&#8221;297&#8243; background_position=&#8221;top_left&#8221; background_repeat=&#8221;repeat&#8221; background_size=&#8221;initial&#8221;][et_pb_column type=&#8221;4_4&#8243;][et_pb_text admin_label=&#8221;Formulari Mailchimp&#8221; global_parent=&#8221;297&#8243; _builder_version=&#8221;3.16.1&#8243; module_id=&#8221;formulari-mailchimp&#8221;]<\/p>\n\n\t<section id=\"yikes-mailchimp-container-2\" class=\"yikes-mailchimp-container yikes-mailchimp-container-2 \">\n\t\t\t\t<form id=\"mailchimp-es-2\" class=\"yikes-easy-mc-form yikes-easy-mc-form-2  \" method=\"POST\" data-attr-form-id=\"2\">\n\n\t\t\t\t\t\t\t\t\t\t\t\t\t<label for=\"yikes-easy-mc-form-2-EMAIL\"  class=\"EMAIL-label yikes-mailchimp-field-required \">\n\n\t\t\t\t\t\t\t\t\t\t<!-- dictate label visibility -->\n\t\t\t\t\t\t\t\t\t\t\n\t\t\t\t\t\t\t\t\t\t<!-- Description Above -->\n\t\t\t\t\t\t\t\t\t\t\n\t\t\t\t\t\t\t\t\t\t<input id=\"yikes-easy-mc-form-2-EMAIL\"  name=\"EMAIL\"  placeholder=\"Tu correo\"  class=\"yikes-easy-mc-email field-no-label\"  required=\"required\" type=\"email\"  value=\"\">\n\n\t\t\t\t\t\t\t\t\t\t<!-- Description Below -->\n\t\t\t\t\t\t\t\t\t\t\n\t\t\t\t\t\t\t\t\t<\/label>\n\t\t\t\t\t\t\t\t\t\n\t\t\t\t<!-- Honeypot Trap -->\n\t\t\t\t<input type=\"hidden\" name=\"yikes-mailchimp-honeypot\" id=\"yikes-mailchimp-honeypot-2\" value=\"\">\n\n\t\t\t\t<!-- List ID -->\n\t\t\t\t<input type=\"hidden\" name=\"yikes-mailchimp-associated-list-id\" id=\"yikes-mailchimp-associated-list-id-2\" value=\"f07bcef599\">\n\n\t\t\t\t<!-- The form that is being submitted! Used to display error\/success messages above the correct form -->\n\t\t\t\t<input type=\"hidden\" name=\"yikes-mailchimp-submitted-form\" id=\"yikes-mailchimp-submitted-form-2\" value=\"2\">\n\n\t\t\t\t<!-- Submit Button -->\n\t\t\t\t<button type=\"submit\" class=\"yikes-easy-mc-submit-button yikes-easy-mc-submit-button-2 btn btn-primary \"> <span class=\"yikes-mailchimp-submit-button-span-text\">Env\u00eda<\/span><\/button>\t\t\t\t<!-- Nonce Security Check -->\n\t\t\t\t<input type=\"hidden\" id=\"yikes_easy_mc_new_subscriber_2\" name=\"yikes_easy_mc_new_subscriber\" value=\"38cb95688f\">\n\t\t\t\t<input type=\"hidden\" name=\"_wp_http_referer\" value=\"\/ca\/wp-json\/wp\/v2\/pages\/793\" \/>\n\t\t\t<\/form>\n\t\t\t<!-- Mailchimp Form generated by Easy Forms for Mailchimp v6.9.0 (https:\/\/wordpress.org\/plugins\/yikes-inc-easy-mailchimp-extender\/) -->\n\n\t\t\t<\/section>\n\t\n<p>[\/et_pb_text][\/et_pb_column][\/et_pb_row][\/et_pb_section]<\/p>\n","protected":false},"excerpt":{"rendered":"<p>Pol\u00edtica de protecci\u00f3 de dades I. INFORMACI\u00d3 B\u00c0SICA Informaci\u00f3 B\u00e0sica sobre la protecci\u00f3 de dades: Responsable. Monday Happy Monday Consulting S.L., amb direcci\u00f3 a Marqu\u00e8s de Mulhacen 21, 08034 Barcelona amb CIF: B-66946260. Categoria de dades. Dades de contacte i de car\u00e0cter identificatiu i altres dades que vost\u00e8 ens proporcioni. Finalitat. Comunicaci\u00f3 d\u2019informaci\u00f3 sobre activitats, [&hellip;]<\/p>\n","protected":false},"author":3,"featured_media":0,"parent":0,"menu_order":0,"comment_status":"closed","ping_status":"closed","template":"","meta":{"_et_pb_use_builder":"on","_et_pb_old_content":"","_et_gb_content_width":"","inline_featured_image":false,"_monsterinsights_skip_tracking":false,"_monsterinsights_sitenote_active":false,"_monsterinsights_sitenote_note":"","_monsterinsights_sitenote_category":0,"footnotes":""},"class_list":["post-793","page","type-page","status-publish","hentry"],"yoast_head":"<!-- This site is optimized with the Yoast SEO plugin v27.1.1 - https:\/\/yoast.com\/product\/yoast-seo-wordpress\/ -->\n<title>Av\u00eds legal - Monday Happy Monday<\/title>\n<meta name=\"robots\" content=\"index, follow, max-snippet:-1, max-image-preview:large, max-video-preview:-1\" \/>\n<link rel=\"canonical\" href=\"https:\/\/mondayhappymonday.com\/ca\/avis-legal\/\" \/>\n<meta property=\"og:locale\" content=\"ca_ES\" \/>\n<meta property=\"og:type\" content=\"article\" \/>\n<meta property=\"og:title\" content=\"Av\u00eds legal - Monday Happy Monday\" \/>\n<meta property=\"og:description\" content=\"Pol\u00edtica de protecci\u00f3 de dades I. INFORMACI\u00d3 B\u00c0SICA Informaci\u00f3 B\u00e0sica sobre la protecci\u00f3 de dades: Responsable. Monday Happy Monday Consulting S.L., amb direcci\u00f3 a Marqu\u00e8s de Mulhacen 21, 08034 Barcelona amb CIF: B-66946260. Categoria de dades. Dades de contacte i de car\u00e0cter identificatiu i altres dades que vost\u00e8 ens proporcioni. Finalitat. Comunicaci\u00f3 d\u2019informaci\u00f3 sobre activitats, [&hellip;]\" \/>\n<meta property=\"og:url\" content=\"https:\/\/mondayhappymonday.com\/ca\/avis-legal\/\" \/>\n<meta property=\"og:site_name\" content=\"Monday Happy Monday\" \/>\n<meta property=\"article:modified_time\" content=\"2018-11-27T14:51:04+00:00\" \/>\n<meta name=\"twitter:card\" content=\"summary_large_image\" \/>\n<meta name=\"twitter:site\" content=\"@MonHappyMon\" \/>\n<meta name=\"twitter:label1\" content=\"Temps estimat de lectura\" \/>\n\t<meta name=\"twitter:data1\" content=\"6 minuts\" \/>\n<script type=\"application\/ld+json\" class=\"yoast-schema-graph\">{\"@context\":\"https:\/\/schema.org\",\"@graph\":[{\"@type\":\"WebPage\",\"@id\":\"https:\/\/mondayhappymonday.com\/ca\/avis-legal\/\",\"url\":\"https:\/\/mondayhappymonday.com\/ca\/avis-legal\/\",\"name\":\"Av\u00eds legal - Monday Happy Monday\",\"isPartOf\":{\"@id\":\"https:\/\/mondayhappymonday.com\/#website\"},\"datePublished\":\"2018-11-07T12:01:09+00:00\",\"dateModified\":\"2018-11-27T14:51:04+00:00\",\"breadcrumb\":{\"@id\":\"https:\/\/mondayhappymonday.com\/ca\/avis-legal\/#breadcrumb\"},\"inLanguage\":\"ca\",\"potentialAction\":[{\"@type\":\"ReadAction\",\"target\":[\"https:\/\/mondayhappymonday.com\/ca\/avis-legal\/\"]}]},{\"@type\":\"BreadcrumbList\",\"@id\":\"https:\/\/mondayhappymonday.com\/ca\/avis-legal\/#breadcrumb\",\"itemListElement\":[{\"@type\":\"ListItem\",\"position\":1,\"name\":\"Home\",\"item\":\"https:\/\/mondayhappymonday.com\/ca\/\"},{\"@type\":\"ListItem\",\"position\":2,\"name\":\"Av\u00eds legal\"}]},{\"@type\":\"WebSite\",\"@id\":\"https:\/\/mondayhappymonday.com\/#website\",\"url\":\"https:\/\/mondayhappymonday.com\/\",\"name\":\"Monday Happy Monday\",\"description\":\"Innovaci\u00f3 centrada en all\u00f2 hum\u00e0\",\"publisher\":{\"@id\":\"https:\/\/mondayhappymonday.com\/#organization\"},\"potentialAction\":[{\"@type\":\"SearchAction\",\"target\":{\"@type\":\"EntryPoint\",\"urlTemplate\":\"https:\/\/mondayhappymonday.com\/?s={search_term_string}\"},\"query-input\":{\"@type\":\"PropertyValueSpecification\",\"valueRequired\":true,\"valueName\":\"search_term_string\"}}],\"inLanguage\":\"ca\"},{\"@type\":\"Organization\",\"@id\":\"https:\/\/mondayhappymonday.com\/#organization\",\"name\":\"Monday Happy Monday Consulting S.L.\",\"url\":\"https:\/\/mondayhappymonday.com\/\",\"logo\":{\"@type\":\"ImageObject\",\"inLanguage\":\"ca\",\"@id\":\"https:\/\/mondayhappymonday.com\/#\/schema\/logo\/image\/\",\"url\":\"https:\/\/mondayhappymonday.com\/wp-content\/uploads\/2018\/10\/logo-color.svg\",\"contentUrl\":\"https:\/\/mondayhappymonday.com\/wp-content\/uploads\/2018\/10\/logo-color.svg\",\"width\":1,\"height\":1,\"caption\":\"Monday Happy Monday Consulting S.L.\"},\"image\":{\"@id\":\"https:\/\/mondayhappymonday.com\/#\/schema\/logo\/image\/\"},\"sameAs\":[\"https:\/\/x.com\/MonHappyMon\",\"https:\/\/www.linkedin.com\/company\/monday-happy-monday\/\"]}]}<\/script>\n<!-- \/ Yoast SEO plugin. -->","yoast_head_json":{"title":"Av\u00eds legal - Monday Happy Monday","robots":{"index":"index","follow":"follow","max-snippet":"max-snippet:-1","max-image-preview":"max-image-preview:large","max-video-preview":"max-video-preview:-1"},"canonical":"https:\/\/mondayhappymonday.com\/ca\/avis-legal\/","og_locale":"ca_ES","og_type":"article","og_title":"Av\u00eds legal - Monday Happy Monday","og_description":"Pol\u00edtica de protecci\u00f3 de dades I. INFORMACI\u00d3 B\u00c0SICA Informaci\u00f3 B\u00e0sica sobre la protecci\u00f3 de dades: Responsable. Monday Happy Monday Consulting S.L., amb direcci\u00f3 a Marqu\u00e8s de Mulhacen 21, 08034 Barcelona amb CIF: B-66946260. Categoria de dades. Dades de contacte i de car\u00e0cter identificatiu i altres dades que vost\u00e8 ens proporcioni. Finalitat. Comunicaci\u00f3 d\u2019informaci\u00f3 sobre activitats, [&hellip;]","og_url":"https:\/\/mondayhappymonday.com\/ca\/avis-legal\/","og_site_name":"Monday Happy Monday","article_modified_time":"2018-11-27T14:51:04+00:00","twitter_card":"summary_large_image","twitter_site":"@MonHappyMon","twitter_misc":{"Temps estimat de lectura":"6 minuts"},"schema":{"@context":"https:\/\/schema.org","@graph":[{"@type":"WebPage","@id":"https:\/\/mondayhappymonday.com\/ca\/avis-legal\/","url":"https:\/\/mondayhappymonday.com\/ca\/avis-legal\/","name":"Av\u00eds legal - Monday Happy Monday","isPartOf":{"@id":"https:\/\/mondayhappymonday.com\/#website"},"datePublished":"2018-11-07T12:01:09+00:00","dateModified":"2018-11-27T14:51:04+00:00","breadcrumb":{"@id":"https:\/\/mondayhappymonday.com\/ca\/avis-legal\/#breadcrumb"},"inLanguage":"ca","potentialAction":[{"@type":"ReadAction","target":["https:\/\/mondayhappymonday.com\/ca\/avis-legal\/"]}]},{"@type":"BreadcrumbList","@id":"https:\/\/mondayhappymonday.com\/ca\/avis-legal\/#breadcrumb","itemListElement":[{"@type":"ListItem","position":1,"name":"Home","item":"https:\/\/mondayhappymonday.com\/ca\/"},{"@type":"ListItem","position":2,"name":"Av\u00eds legal"}]},{"@type":"WebSite","@id":"https:\/\/mondayhappymonday.com\/#website","url":"https:\/\/mondayhappymonday.com\/","name":"Monday Happy Monday","description":"Innovaci\u00f3 centrada en all\u00f2 hum\u00e0","publisher":{"@id":"https:\/\/mondayhappymonday.com\/#organization"},"potentialAction":[{"@type":"SearchAction","target":{"@type":"EntryPoint","urlTemplate":"https:\/\/mondayhappymonday.com\/?s={search_term_string}"},"query-input":{"@type":"PropertyValueSpecification","valueRequired":true,"valueName":"search_term_string"}}],"inLanguage":"ca"},{"@type":"Organization","@id":"https:\/\/mondayhappymonday.com\/#organization","name":"Monday Happy Monday Consulting S.L.","url":"https:\/\/mondayhappymonday.com\/","logo":{"@type":"ImageObject","inLanguage":"ca","@id":"https:\/\/mondayhappymonday.com\/#\/schema\/logo\/image\/","url":"https:\/\/mondayhappymonday.com\/wp-content\/uploads\/2018\/10\/logo-color.svg","contentUrl":"https:\/\/mondayhappymonday.com\/wp-content\/uploads\/2018\/10\/logo-color.svg","width":1,"height":1,"caption":"Monday Happy Monday Consulting S.L."},"image":{"@id":"https:\/\/mondayhappymonday.com\/#\/schema\/logo\/image\/"},"sameAs":["https:\/\/x.com\/MonHappyMon","https:\/\/www.linkedin.com\/company\/monday-happy-monday\/"]}]}},"_links":{"self":[{"href":"https:\/\/mondayhappymonday.com\/ca\/wp-json\/wp\/v2\/pages\/793","targetHints":{"allow":["GET"]}}],"collection":[{"href":"https:\/\/mondayhappymonday.com\/ca\/wp-json\/wp\/v2\/pages"}],"about":[{"href":"https:\/\/mondayhappymonday.com\/ca\/wp-json\/wp\/v2\/types\/page"}],"author":[{"embeddable":true,"href":"https:\/\/mondayhappymonday.com\/ca\/wp-json\/wp\/v2\/users\/3"}],"replies":[{"embeddable":true,"href":"https:\/\/mondayhappymonday.com\/ca\/wp-json\/wp\/v2\/comments?post=793"}],"version-history":[{"count":6,"href":"https:\/\/mondayhappymonday.com\/ca\/wp-json\/wp\/v2\/pages\/793\/revisions"}],"predecessor-version":[{"id":1808,"href":"https:\/\/mondayhappymonday.com\/ca\/wp-json\/wp\/v2\/pages\/793\/revisions\/1808"}],"wp:attachment":[{"href":"https:\/\/mondayhappymonday.com\/ca\/wp-json\/wp\/v2\/media?parent=793"}],"curies":[{"name":"wp","href":"https:\/\/api.w.org\/{rel}","templated":true}]}}