{"id":27,"date":"2018-10-10T10:55:20","date_gmt":"2018-10-10T10:55:20","guid":{"rendered":"https:\/\/www.mondayhappymonday.com\/?page_id=27"},"modified":"2021-12-31T19:36:28","modified_gmt":"2021-12-31T18:36:28","slug":"nosaltres","status":"publish","type":"page","link":"https:\/\/mondayhappymonday.com\/ca\/nosaltres\/","title":{"rendered":"Nosaltres"},"content":{"rendered":"<p>[et_pb_section fb_built=&#8221;1&#8243; module_class=&#8221;interior subhome&#8221; _builder_version=&#8221;3.22&#8243;][et_pb_row module_class=&#8221;titol&#8221; _builder_version=&#8221;3.25&#8243;][et_pb_column type=&#8221;4_4&#8243; _builder_version=&#8221;3.25&#8243; custom_padding=&#8221;|||&#8221; custom_padding__hover=&#8221;|||&#8221;][et_pb_text admin_label=&#8221;T\u00edtol&#8221; _builder_version=&#8221;3.27.4&#8243;]<\/p>\n<h1>Nosaltres<\/h1>\n<p>[\/et_pb_text][\/et_pb_column][\/et_pb_row][et_pb_row module_class=&#8221;entradeta&#8221; _builder_version=&#8221;3.25&#8243;][et_pb_column type=&#8221;4_4&#8243; _builder_version=&#8221;3.25&#8243; custom_padding=&#8221;|||&#8221; custom_padding__hover=&#8221;|||&#8221;][et_pb_text admin_label=&#8221;Entradeta&#8221; _builder_version=&#8221;3.27.4&#8243;]Des de Monday Happy Monday volem ajudar-te a transformar la teva empresa, a provocar-hi canvis tangibles i a dur a terme un proc\u00e9s d&#8217;innovaci\u00f3 real centrat en all\u00f2 hum\u00e0.<br \/>\n[\/et_pb_text][\/et_pb_column][\/et_pb_row][et_pb_row column_structure=&#8221;1_2,1_2&#8243; disabled_on=&#8221;on|on|&#8221; module_id=&#8221;caixa-subhomes&#8221; module_class=&#8221;nosaltres1&#8243; _builder_version=&#8221;3.25&#8243;][et_pb_column type=&#8221;1_2&#8243; _builder_version=&#8221;3.25&#8243; custom_padding=&#8221;|||&#8221; custom_padding__hover=&#8221;|||&#8221;][et_pb_text admin_label=&#8221;Qu\u00e8 \u00e9s MHM (desktop)&#8221; module_class=&#8221;servei about matrix&#8221; _builder_version=&#8221;3.27.4&#8243; link_option_url=&#8221;https:\/\/mondayhappymonday.com\/ca\/nosaltres\/que-es-mhm\/&#8221;]<\/p>\n<div class=\"quisom-contingut\">\n<h1>Qu\u00e8 \u00e9s Monday Happy Monday?<\/h1>\n<\/div>\n<p>[\/et_pb_text][\/et_pb_column][et_pb_column type=&#8221;1_2&#8243; _builder_version=&#8221;3.25&#8243; custom_padding=&#8221;|||&#8221; custom_padding__hover=&#8221;|||&#8221;][et_pb_text admin_label=&#8221;Metodologia (desktop)&#8221; module_class=&#8221;servei metodologia matrix&#8221; _builder_version=&#8221;3.27.4&#8243; link_option_url=&#8221;https:\/\/mondayhappymonday.com\/ca\/nosaltres\/metodologia\/&#8221;]<\/p>\n<div class=\"quisom-contingut\">\n<h1>Metodologia<\/h1>\n<\/div>\n<p>[\/et_pb_text][\/et_pb_column][\/et_pb_row][et_pb_row column_structure=&#8221;1_2,1_2&#8243; disabled_on=&#8221;on|on|&#8221; module_id=&#8221;caixa-subhomes&#8221; module_class=&#8221;nosaltres&#8221; _builder_version=&#8221;4.5.8&#8243;][et_pb_column type=&#8221;1_2&#8243; _builder_version=&#8221;3.25&#8243; custom_padding=&#8221;|||&#8221; custom_padding__hover=&#8221;|||&#8221;][et_pb_text admin_label=&#8221;Alicia (desktop)&#8221; module_class=&#8221;servei alicia matrix&#8221; _builder_version=&#8221;3.27.4&#8243; link_option_url=&#8221;https:\/\/mondayhappymonday.com\/ca\/nosaltres\/alicia-linares-roger\/&#8221;]<\/p>\n<div class=\"quisom-contingut\">\n<h1>Alicia Linares Roger<\/h1>\n<\/div>\n<p>[\/et_pb_text][\/et_pb_column][et_pb_column type=&#8221;1_2&#8243; _builder_version=&#8221;3.25&#8243; custom_padding=&#8221;|||&#8221; custom_padding__hover=&#8221;|||&#8221;][et_pb_text admin_label=&#8221;Maite (desktop)&#8221; module_class=&#8221;servei maite matrix&#8221; _builder_version=&#8221;3.27.4&#8243; link_option_url=&#8221;https:\/\/mondayhappymonday.com\/ca\/nosaltres\/maite-moreno-bosch\/&#8221;]<\/p>\n<div class=\"quisom-contingut\">\n<h1>Maite Moreno Bosch<\/h1>\n<\/div>\n<p>[\/et_pb_text][\/et_pb_column][\/et_pb_row][et_pb_row column_structure=&#8221;1_2,1_2&#8243; disabled_on=&#8221;on|on|&#8221; module_id=&#8221;caixa-subhomes&#8221; module_class=&#8221;nosaltres1&#8243; _builder_version=&#8221;3.25&#8243;][et_pb_column type=&#8221;1_2&#8243; _builder_version=&#8221;3.25&#8243; custom_padding=&#8221;|||&#8221; custom_padding__hover=&#8221;|||&#8221;][et_pb_text admin_label=&#8221;Advisory Board (desktop)&#8221; module_class=&#8221;servei advisory-board matrix&#8221; _builder_version=&#8221;4.5.8&#8243; link_option_url=&#8221;https:\/\/mondayhappymonday.com\/ca\/nosaltres\/team\/&#8221; hover_enabled=&#8221;0&#8243;]<\/p>\n<div class=\"quisom-contingut\">\n<h1>Team<\/h1>\n<\/div>\n<p>[\/et_pb_text][et_pb_text admin_label=&#8221;Contacte (desktop)&#8221; module_class=&#8221;servei contacte matrix&#8221; _builder_version=&#8221;3.27.4&#8243; link_option_url=&#8221;https:\/\/mondayhappymonday.com\/ca\/nosaltres\/contacte\/&#8221;]<\/p>\n<div class=\"quisom-contingut\">\n<h1>Contacte<\/h1>\n<\/div>\n<p>[\/et_pb_text][\/et_pb_column][et_pb_column type=&#8221;1_2&#8243; _builder_version=&#8221;3.25&#8243; custom_padding=&#8221;|||&#8221; custom_padding__hover=&#8221;|||&#8221;][et_pb_text admin_label=&#8221;Clients (desktop)&#8221; module_class=&#8221;servei clients matrix&#8221; _builder_version=&#8221;3.27.4&#8243; link_option_url=&#8221;https:\/\/mondayhappymonday.com\/ca\/nosaltres\/clients\/&#8221;]<\/p>\n<div class=\"quisom-contingut\">\n<h1>Clients<\/h1>\n<\/div>\n<p>[\/et_pb_text][\/et_pb_column][\/et_pb_row][et_pb_row column_structure=&#8221;1_2,1_2&#8243; disabled_on=&#8221;||on&#8221; module_id=&#8221;caixa-subhomes&#8221; module_class=&#8221;nosaltres&#8221; _builder_version=&#8221;3.25&#8243;][et_pb_column type=&#8221;1_2&#8243; _builder_version=&#8221;3.25&#8243; custom_padding=&#8221;|||&#8221; custom_padding__hover=&#8221;|||&#8221;][et_pb_text admin_label=&#8221;Qu\u00e8 \u00e9s MHM (tablet-m\u00f2bil)&#8221; module_class=&#8221;servei about matrix&#8221; _builder_version=&#8221;3.27.4&#8243; link_option_url=&#8221;https:\/\/mondayhappymonday.com\/ca\/nosaltres\/que-es-mhm\/&#8221;]<\/p>\n<div class=\"quisom-contingut\">\n<h1>Qu\u00e8 \u00e9s Monday Happy Monday?<\/h1>\n<\/div>\n<p>[\/et_pb_text][et_pb_text admin_label=&#8221;Metodologia (tablet-m\u00f2bil)&#8221; module_class=&#8221;servei metodologia matrix&#8221; _builder_version=&#8221;3.27.4&#8243; link_option_url=&#8221;https:\/\/mondayhappymonday.com\/ca\/nosaltres\/metodologia\/&#8221;]<\/p>\n<div class=\"quisom-contingut\">\n<h1>Metodologia<\/h1>\n<\/div>\n<p>[\/et_pb_text][et_pb_text admin_label=&#8221;Alicia (tablet-m\u00f2bil)&#8221; module_class=&#8221;servei alicia matrix&#8221; _builder_version=&#8221;3.27.4&#8243; link_option_url=&#8221;https:\/\/mondayhappymonday.com\/ca\/nosaltres\/alicia-linares-roger\/&#8221;]<\/p>\n<div class=\"quisom-contingut\">\n<h1>Alicia Linares Roger<\/h1>\n<\/div>\n<p>[\/et_pb_text][et_pb_text admin_label=&#8221;Maite (tablet-m\u00f2bil)&#8221; module_class=&#8221;servei maite matrix&#8221; _builder_version=&#8221;3.27.4&#8243; link_option_url=&#8221;https:\/\/mondayhappymonday.com\/ca\/nosaltres\/maite-moreno-bosch\/&#8221;]<\/p>\n<div class=\"quisom-contingut\">\n<h1>Maite Moreno Bosch<\/h1>\n<\/div>\n<p>[\/et_pb_text][\/et_pb_column][et_pb_column type=&#8221;1_2&#8243; _builder_version=&#8221;3.25&#8243; custom_padding=&#8221;|||&#8221; custom_padding__hover=&#8221;|||&#8221;][et_pb_text admin_label=&#8221;Advisory Board (tablet-m\u00f2bil)&#8221; module_class=&#8221;servei advisory-board matrix&#8221; _builder_version=&#8221;4.5.8&#8243; link_option_url=&#8221;https:\/\/mondayhappymonday.com\/ca\/nosaltres\/team\/&#8221; hover_enabled=&#8221;0&#8243;]<\/p>\n<div class=\"quisom-contingut\">\n<h1>Team<\/h1>\n<\/div>\n<p>[\/et_pb_text][et_pb_text admin_label=&#8221;Clients (tablet-m\u00f2bil)&#8221; module_class=&#8221;servei clients matrix&#8221; _builder_version=&#8221;3.27.4&#8243; link_option_url=&#8221;https:\/\/mondayhappymonday.com\/ca\/nosaltres\/clients\/&#8221;]<\/p>\n<div class=\"quisom-contingut\">\n<h1>Clients<\/h1>\n<\/div>\n<p>[\/et_pb_text][et_pb_text admin_label=&#8221;Contacte (tablet-m\u00f2bil)&#8221; module_class=&#8221;servei contacte matrix&#8221; _builder_version=&#8221;3.27.4&#8243; link_option_url=&#8221;https:\/\/mondayhappymonday.com\/ca\/nosaltres\/contacte\/&#8221;]<\/p>\n<div class=\"quisom-contingut\">\n<h1>Contacte<\/h1>\n<\/div>\n<p>[\/et_pb_text][\/et_pb_column][\/et_pb_row][\/et_pb_section][et_pb_section fb_built=&#8221;1&#8243; module_id=&#8221;newsletter-home&#8221; _builder_version=&#8221;3.16.1&#8243; background_color=&#8221;#005a84&#8243; global_module=&#8221;297&#8243;][et_pb_row _builder_version=&#8221;3.25&#8243;][et_pb_column type=&#8221;4_4&#8243; _builder_version=&#8221;3.25&#8243; custom_padding=&#8221;|||&#8221; custom_padding__hover=&#8221;|||&#8221;][et_pb_text admin_label=&#8221;T\u00edtol %22Subscriu-t&#8217;hi%22&#8243; module_class=&#8221;titol-fila&#8221; _builder_version=&#8221;3.27.4&#8243;]<\/p>\n<p>Subscriu-t&#8217;hi<\/p>\n<p>[\/et_pb_text][et_pb_text admin_label=&#8221;Entradeta&#8221; module_id=&#8221;entradeta-mailchimp&#8221; _builder_version=&#8221;4.4.0&#8243;]<\/p>\n<p>Introdueix el teu correu per rebre novetats i actualitzacions de Monday Happy Monday<\/p>\n<p>[\/et_pb_text][\/et_pb_column][\/et_pb_row][et_pb_row _builder_version=&#8221;3.25&#8243; background_size=&#8221;initial&#8221; background_position=&#8221;top_left&#8221; background_repeat=&#8221;repeat&#8221;][et_pb_column type=&#8221;4_4&#8243; _builder_version=&#8221;3.25&#8243; custom_padding=&#8221;|||&#8221; custom_padding__hover=&#8221;|||&#8221;][et_pb_text admin_label=&#8221;Formulari Mailchimp&#8221; module_id=&#8221;formulari-mailchimp&#8221; _builder_version=&#8221;3.27.4&#8243;]<\/p>\n\n\t<section id=\"yikes-mailchimp-container-3\" class=\"yikes-mailchimp-container yikes-mailchimp-container-3 \">\n\t\t\t\t<form id=\"mailchimp-ca-3\" class=\"yikes-easy-mc-form yikes-easy-mc-form-3  \" method=\"POST\" data-attr-form-id=\"3\">\n\n\t\t\t\t\t\t\t\t\t\t\t\t\t<label for=\"yikes-easy-mc-form-3-EMAIL\"  class=\"EMAIL-label yikes-mailchimp-field-required \">\n\n\t\t\t\t\t\t\t\t\t\t<!-- dictate label visibility -->\n\t\t\t\t\t\t\t\t\t\t\n\t\t\t\t\t\t\t\t\t\t<!-- Description Above -->\n\t\t\t\t\t\t\t\t\t\t\n\t\t\t\t\t\t\t\t\t\t<input id=\"yikes-easy-mc-form-3-EMAIL\"  name=\"EMAIL\"  placeholder=\"El teu correu\"  class=\"yikes-easy-mc-email field-no-label\"  required=\"required\" type=\"email\"  value=\"\">\n\n\t\t\t\t\t\t\t\t\t\t<!-- Description Below -->\n\t\t\t\t\t\t\t\t\t\t\n\t\t\t\t\t\t\t\t\t<\/label>\n\t\t\t\t\t\t\t\t\t\n\t\t\t\t<!-- Honeypot Trap -->\n\t\t\t\t<input type=\"hidden\" name=\"yikes-mailchimp-honeypot\" id=\"yikes-mailchimp-honeypot-3\" value=\"\">\n\n\t\t\t\t<!-- List ID -->\n\t\t\t\t<input type=\"hidden\" name=\"yikes-mailchimp-associated-list-id\" id=\"yikes-mailchimp-associated-list-id-3\" value=\"f07bcef599\">\n\n\t\t\t\t<!-- The form that is being submitted! Used to display error\/success messages above the correct form -->\n\t\t\t\t<input type=\"hidden\" name=\"yikes-mailchimp-submitted-form\" id=\"yikes-mailchimp-submitted-form-3\" value=\"3\">\n\n\t\t\t\t<!-- Submit Button -->\n\t\t\t\t<button type=\"submit\" class=\"yikes-easy-mc-submit-button yikes-easy-mc-submit-button-3 btn btn-primary \"> <span class=\"yikes-mailchimp-submit-button-span-text\">Envia<\/span><\/button>\t\t\t\t<!-- Nonce Security Check -->\n\t\t\t\t<input type=\"hidden\" id=\"yikes_easy_mc_new_subscriber_3\" name=\"yikes_easy_mc_new_subscriber\" value=\"681b12ca3c\">\n\t\t\t\t<input type=\"hidden\" name=\"_wp_http_referer\" value=\"\/ca\/wp-json\/wp\/v2\/pages\/27\" \/>\n\t\t\t<\/form>\n\t\t\t<!-- Mailchimp Form generated by Easy Forms for Mailchimp v6.9.0 (https:\/\/wordpress.org\/plugins\/yikes-inc-easy-mailchimp-extender\/) -->\n\n\t\t\t<\/section>\n\t\n<p>[\/et_pb_text][\/et_pb_column][\/et_pb_row][et_pb_row column_structure=&#8221;1_3,1_3,1_3&#8243; _builder_version=&#8221;4.5.8&#8243; _module_preset=&#8221;default&#8221;][et_pb_column type=&#8221;1_3&#8243; _builder_version=&#8221;4.5.8&#8243; _module_preset=&#8221;default&#8221;][et_pb_number_counter title=&#8221;Empreses&#8221; number=&#8221;55&#8243; percent_sign=&#8221;off&#8221; _builder_version=&#8221;4.5.8&#8243; _module_preset=&#8221;default&#8221;][\/et_pb_number_counter][\/et_pb_column][et_pb_column type=&#8221;1_3&#8243; _builder_version=&#8221;4.5.8&#8243; _module_preset=&#8221;default&#8221;][et_pb_number_counter title=&#8221;Projectes&#8221; number=&#8221;80&#8243; percent_sign=&#8221;off&#8221; _builder_version=&#8221;4.5.8&#8243; _module_preset=&#8221;default&#8221;][\/et_pb_number_counter][\/et_pb_column][et_pb_column type=&#8221;1_3&#8243; _builder_version=&#8221;4.5.8&#8243; _module_preset=&#8221;default&#8221;][et_pb_number_counter title=&#8221;Persones&#8221; number=&#8221;1200&#8243; percent_sign=&#8221;off&#8221; _builder_version=&#8221;4.5.8&#8243; _module_preset=&#8221;default&#8221;][\/et_pb_number_counter][\/et_pb_column][\/et_pb_row][\/et_pb_section]<\/p>\n","protected":false},"excerpt":{"rendered":"<p>Nosaltres Des de Monday Happy Monday volem ajudar-te a transformar la teva empresa, a provocar-hi canvis tangibles i a dur a terme un proc\u00e9s d&#8217;innovaci\u00f3 real centrat en all\u00f2 hum\u00e0. Qu\u00e8 \u00e9s Monday Happy Monday? Metodologia Alicia Linares Roger Maite Moreno Bosch Team Contacte Clients Qu\u00e8 \u00e9s Monday Happy Monday? Metodologia Alicia Linares Roger Maite [&hellip;]<\/p>\n","protected":false},"author":3,"featured_media":0,"parent":0,"menu_order":0,"comment_status":"closed","ping_status":"closed","template":"","meta":{"_et_pb_use_builder":"on","_et_pb_old_content":"","_et_gb_content_width":"","inline_featured_image":false,"_monsterinsights_skip_tracking":false,"_monsterinsights_sitenote_active":false,"_monsterinsights_sitenote_note":"","_monsterinsights_sitenote_category":0,"footnotes":""},"class_list":["post-27","page","type-page","status-publish","hentry"],"yoast_head":"<!-- This site is optimized with the Yoast SEO plugin v27.1.1 - https:\/\/yoast.com\/product\/yoast-seo-wordpress\/ -->\n<title>Nosaltres - Monday Happy Monday<\/title>\n<meta name=\"description\" content=\"Volem ajudar-te a transformar la teva empresa, a provocar-hi canvis tangibles i a dur a terme un proc\u00e9s d\u2019innovaci\u00f3 real centrat en all\u00f2 hum\u00e0.\" \/>\n<meta name=\"robots\" content=\"index, follow, max-snippet:-1, max-image-preview:large, max-video-preview:-1\" \/>\n<link rel=\"canonical\" href=\"https:\/\/mondayhappymonday.com\/ca\/nosaltres\/\" \/>\n<meta property=\"og:locale\" content=\"ca_ES\" \/>\n<meta property=\"og:type\" content=\"article\" \/>\n<meta property=\"og:title\" content=\"Nosaltres - Monday Happy Monday\" \/>\n<meta property=\"og:description\" content=\"Volem ajudar-te a transformar la teva empresa, a provocar-hi canvis tangibles i a dur a terme un proc\u00e9s d\u2019innovaci\u00f3 real centrat en all\u00f2 hum\u00e0.\" \/>\n<meta property=\"og:url\" content=\"https:\/\/mondayhappymonday.com\/ca\/nosaltres\/\" \/>\n<meta property=\"og:site_name\" content=\"Monday Happy Monday\" \/>\n<meta property=\"article:modified_time\" content=\"2021-12-31T18:36:28+00:00\" \/>\n<meta property=\"og:image\" content=\"https:\/\/mondayhappymonday.com\/wp-content\/uploads\/2018\/11\/Facebook-home-ca.jpg\" \/>\n\t<meta property=\"og:image:width\" content=\"1200\" \/>\n\t<meta property=\"og:image:height\" content=\"630\" \/>\n\t<meta property=\"og:image:type\" content=\"image\/jpeg\" \/>\n<meta name=\"twitter:card\" content=\"summary_large_image\" \/>\n<meta name=\"twitter:image\" content=\"https:\/\/mondayhappymonday.com\/wp-content\/uploads\/2018\/11\/Twitter-home-ca.png\" \/>\n<meta name=\"twitter:site\" content=\"@MonHappyMon\" \/>\n<meta name=\"twitter:label1\" content=\"Temps estimat de lectura\" \/>\n\t<meta name=\"twitter:data1\" content=\"5 minuts\" \/>\n<script type=\"application\/ld+json\" class=\"yoast-schema-graph\">{\"@context\":\"https:\/\/schema.org\",\"@graph\":[{\"@type\":\"WebPage\",\"@id\":\"https:\/\/mondayhappymonday.com\/ca\/nosaltres\/\",\"url\":\"https:\/\/mondayhappymonday.com\/ca\/nosaltres\/\",\"name\":\"Nosaltres - Monday Happy Monday\",\"isPartOf\":{\"@id\":\"https:\/\/mondayhappymonday.com\/#website\"},\"datePublished\":\"2018-10-10T10:55:20+00:00\",\"dateModified\":\"2021-12-31T18:36:28+00:00\",\"description\":\"Volem ajudar-te a transformar la teva empresa, a provocar-hi canvis tangibles i a dur a terme un proc\u00e9s d\u2019innovaci\u00f3 real centrat en all\u00f2 hum\u00e0.\",\"breadcrumb\":{\"@id\":\"https:\/\/mondayhappymonday.com\/ca\/nosaltres\/#breadcrumb\"},\"inLanguage\":\"ca\",\"potentialAction\":[{\"@type\":\"ReadAction\",\"target\":[\"https:\/\/mondayhappymonday.com\/ca\/nosaltres\/\"]}]},{\"@type\":\"BreadcrumbList\",\"@id\":\"https:\/\/mondayhappymonday.com\/ca\/nosaltres\/#breadcrumb\",\"itemListElement\":[{\"@type\":\"ListItem\",\"position\":1,\"name\":\"Home\",\"item\":\"https:\/\/mondayhappymonday.com\/ca\/\"},{\"@type\":\"ListItem\",\"position\":2,\"name\":\"Nosaltres\"}]},{\"@type\":\"WebSite\",\"@id\":\"https:\/\/mondayhappymonday.com\/#website\",\"url\":\"https:\/\/mondayhappymonday.com\/\",\"name\":\"Monday Happy Monday\",\"description\":\"Innovaci\u00f3 centrada en all\u00f2 hum\u00e0\",\"publisher\":{\"@id\":\"https:\/\/mondayhappymonday.com\/#organization\"},\"potentialAction\":[{\"@type\":\"SearchAction\",\"target\":{\"@type\":\"EntryPoint\",\"urlTemplate\":\"https:\/\/mondayhappymonday.com\/?s={search_term_string}\"},\"query-input\":{\"@type\":\"PropertyValueSpecification\",\"valueRequired\":true,\"valueName\":\"search_term_string\"}}],\"inLanguage\":\"ca\"},{\"@type\":\"Organization\",\"@id\":\"https:\/\/mondayhappymonday.com\/#organization\",\"name\":\"Monday Happy Monday Consulting S.L.\",\"url\":\"https:\/\/mondayhappymonday.com\/\",\"logo\":{\"@type\":\"ImageObject\",\"inLanguage\":\"ca\",\"@id\":\"https:\/\/mondayhappymonday.com\/#\/schema\/logo\/image\/\",\"url\":\"https:\/\/mondayhappymonday.com\/wp-content\/uploads\/2018\/10\/logo-color.svg\",\"contentUrl\":\"https:\/\/mondayhappymonday.com\/wp-content\/uploads\/2018\/10\/logo-color.svg\",\"width\":1,\"height\":1,\"caption\":\"Monday Happy Monday Consulting S.L.\"},\"image\":{\"@id\":\"https:\/\/mondayhappymonday.com\/#\/schema\/logo\/image\/\"},\"sameAs\":[\"https:\/\/x.com\/MonHappyMon\",\"https:\/\/www.linkedin.com\/company\/monday-happy-monday\/\"]}]}<\/script>\n<!-- \/ Yoast SEO plugin. -->","yoast_head_json":{"title":"Nosaltres - Monday Happy Monday","description":"Volem ajudar-te a transformar la teva empresa, a provocar-hi canvis tangibles i a dur a terme un proc\u00e9s d\u2019innovaci\u00f3 real centrat en all\u00f2 hum\u00e0.","robots":{"index":"index","follow":"follow","max-snippet":"max-snippet:-1","max-image-preview":"max-image-preview:large","max-video-preview":"max-video-preview:-1"},"canonical":"https:\/\/mondayhappymonday.com\/ca\/nosaltres\/","og_locale":"ca_ES","og_type":"article","og_title":"Nosaltres - Monday Happy Monday","og_description":"Volem ajudar-te a transformar la teva empresa, a provocar-hi canvis tangibles i a dur a terme un proc\u00e9s d\u2019innovaci\u00f3 real centrat en all\u00f2 hum\u00e0.","og_url":"https:\/\/mondayhappymonday.com\/ca\/nosaltres\/","og_site_name":"Monday Happy Monday","article_modified_time":"2021-12-31T18:36:28+00:00","og_image":[{"width":1200,"height":630,"url":"https:\/\/mondayhappymonday.com\/wp-content\/uploads\/2018\/11\/Facebook-home-ca.jpg","type":"image\/jpeg"}],"twitter_card":"summary_large_image","twitter_image":"https:\/\/mondayhappymonday.com\/wp-content\/uploads\/2018\/11\/Twitter-home-ca.png","twitter_site":"@MonHappyMon","twitter_misc":{"Temps estimat de lectura":"5 minuts"},"schema":{"@context":"https:\/\/schema.org","@graph":[{"@type":"WebPage","@id":"https:\/\/mondayhappymonday.com\/ca\/nosaltres\/","url":"https:\/\/mondayhappymonday.com\/ca\/nosaltres\/","name":"Nosaltres - Monday Happy Monday","isPartOf":{"@id":"https:\/\/mondayhappymonday.com\/#website"},"datePublished":"2018-10-10T10:55:20+00:00","dateModified":"2021-12-31T18:36:28+00:00","description":"Volem ajudar-te a transformar la teva empresa, a provocar-hi canvis tangibles i a dur a terme un proc\u00e9s d\u2019innovaci\u00f3 real centrat en all\u00f2 hum\u00e0.","breadcrumb":{"@id":"https:\/\/mondayhappymonday.com\/ca\/nosaltres\/#breadcrumb"},"inLanguage":"ca","potentialAction":[{"@type":"ReadAction","target":["https:\/\/mondayhappymonday.com\/ca\/nosaltres\/"]}]},{"@type":"BreadcrumbList","@id":"https:\/\/mondayhappymonday.com\/ca\/nosaltres\/#breadcrumb","itemListElement":[{"@type":"ListItem","position":1,"name":"Home","item":"https:\/\/mondayhappymonday.com\/ca\/"},{"@type":"ListItem","position":2,"name":"Nosaltres"}]},{"@type":"WebSite","@id":"https:\/\/mondayhappymonday.com\/#website","url":"https:\/\/mondayhappymonday.com\/","name":"Monday Happy Monday","description":"Innovaci\u00f3 centrada en all\u00f2 hum\u00e0","publisher":{"@id":"https:\/\/mondayhappymonday.com\/#organization"},"potentialAction":[{"@type":"SearchAction","target":{"@type":"EntryPoint","urlTemplate":"https:\/\/mondayhappymonday.com\/?s={search_term_string}"},"query-input":{"@type":"PropertyValueSpecification","valueRequired":true,"valueName":"search_term_string"}}],"inLanguage":"ca"},{"@type":"Organization","@id":"https:\/\/mondayhappymonday.com\/#organization","name":"Monday Happy Monday Consulting S.L.","url":"https:\/\/mondayhappymonday.com\/","logo":{"@type":"ImageObject","inLanguage":"ca","@id":"https:\/\/mondayhappymonday.com\/#\/schema\/logo\/image\/","url":"https:\/\/mondayhappymonday.com\/wp-content\/uploads\/2018\/10\/logo-color.svg","contentUrl":"https:\/\/mondayhappymonday.com\/wp-content\/uploads\/2018\/10\/logo-color.svg","width":1,"height":1,"caption":"Monday Happy Monday Consulting S.L."},"image":{"@id":"https:\/\/mondayhappymonday.com\/#\/schema\/logo\/image\/"},"sameAs":["https:\/\/x.com\/MonHappyMon","https:\/\/www.linkedin.com\/company\/monday-happy-monday\/"]}]}},"_links":{"self":[{"href":"https:\/\/mondayhappymonday.com\/ca\/wp-json\/wp\/v2\/pages\/27","targetHints":{"allow":["GET"]}}],"collection":[{"href":"https:\/\/mondayhappymonday.com\/ca\/wp-json\/wp\/v2\/pages"}],"about":[{"href":"https:\/\/mondayhappymonday.com\/ca\/wp-json\/wp\/v2\/types\/page"}],"author":[{"embeddable":true,"href":"https:\/\/mondayhappymonday.com\/ca\/wp-json\/wp\/v2\/users\/3"}],"replies":[{"embeddable":true,"href":"https:\/\/mondayhappymonday.com\/ca\/wp-json\/wp\/v2\/comments?post=27"}],"version-history":[{"count":36,"href":"https:\/\/mondayhappymonday.com\/ca\/wp-json\/wp\/v2\/pages\/27\/revisions"}],"predecessor-version":[{"id":7686,"href":"https:\/\/mondayhappymonday.com\/ca\/wp-json\/wp\/v2\/pages\/27\/revisions\/7686"}],"wp:attachment":[{"href":"https:\/\/mondayhappymonday.com\/ca\/wp-json\/wp\/v2\/media?parent=27"}],"curies":[{"name":"wp","href":"https:\/\/api.w.org\/{rel}","templated":true}]}}