{"id":249,"date":"2018-10-20T10:30:26","date_gmt":"2018-10-20T09:30:26","guid":{"rendered":"https:\/\/www.mondayhappymonday.com\/?page_id=249"},"modified":"2022-11-29T16:57:07","modified_gmt":"2022-11-29T15:57:07","slug":"metodologia","status":"publish","type":"page","link":"https:\/\/mondayhappymonday.com\/ca\/metodologia\/","title":{"rendered":"Metodologia"},"content":{"rendered":"<p>[et_pb_section bb_built=&#8221;1&#8243; _builder_version=&#8221;3.16.1&#8243; module_class=&#8221;interior fitxa metodologia&#8221; next_background_color=&#8221;#005a84&#8243; inner_width=&#8221;auto&#8221; inner_max_width=&#8221;1160px&#8221;][et_pb_row _builder_version=&#8221;3.16.1&#8243; module_id=&#8221;breadcrumbs&#8221; width=&#8221;80%&#8221; max_width=&#8221;1160px&#8221;][et_pb_column type=&#8221;4_4&#8243; custom_padding__hover=&#8221;|||&#8221; custom_padding=&#8221;|||&#8221;][et_pb_code admin_label=&#8221;Breadcrumbs&#8221; _builder_version=&#8221;4.19.1&#8243; background_pattern_color=&#8221;rgba(0,0,0,0.2)&#8221; background_mask_color=&#8221;#ffffff&#8221; box_shadow_horizontal_tablet=&#8221;0px&#8221; box_shadow_vertical_tablet=&#8221;0px&#8221; box_shadow_blur_tablet=&#8221;40px&#8221; box_shadow_spread_tablet=&#8221;0px&#8221; vertical_offset_tablet=&#8221;0&#8243; horizontal_offset_tablet=&#8221;0&#8243; z_index_tablet=&#8221;0&#8243;]<\/p>\n<div class=\"breadcrumb\" itemprop=\"breadcrumb\"><span><span><a href=\"https:\/\/mondayhappymonday.com\/ca\/\">Home<\/a> \/ <span><a href=\"https:\/\/mondayhappymonday.com\/ca\/nosaltres\/\">Nosaltres<\/a><\/span><\/span><\/span><\/div>\n<p>[\/et_pb_code][\/et_pb_column][\/et_pb_row][et_pb_row _builder_version=&#8221;3.16.1&#8243; module_class=&#8221;titol&#8221; width=&#8221;80%&#8221; max_width=&#8221;1160px&#8221;][et_pb_column type=&#8221;4_4&#8243; custom_padding__hover=&#8221;|||&#8221; custom_padding=&#8221;|||&#8221;][et_pb_text admin_label=&#8221;T\u00edtol&#8221; _builder_version=&#8221;3.16.1&#8243; text_orientation=&#8221;left&#8221;]<\/p>\n<h1>Metodologia<\/h1>\n<p>[\/et_pb_text][\/et_pb_column][\/et_pb_row][et_pb_row _builder_version=&#8221;3.16.1&#8243; module_id=&#8221;fila1&#8243; width=&#8221;80%&#8221; max_width=&#8221;1160px&#8221;][et_pb_column type=&#8221;4_4&#8243; custom_padding__hover=&#8221;|||&#8221; custom_padding=&#8221;|||&#8221;][et_pb_text admin_label=&#8221;Caixa 1&#8243; _builder_version=&#8221;3.16.1&#8243; module_id=&#8221;caixa-metodologia-1&#8243; text_orientation=&#8221;left&#8221;]<\/p>\n<p>Els usuaris s\u00f3n el factor clau en un proc\u00e9s d\u2019innovaci\u00f3, ja siguin tant empleats com clients. Per tant, el primer que cal fer \u00e9s canviar la nostra mirada, deixar les nostres creences a un costat i incorporar l\u2019usuari en les diferents fases del proc\u00e9s d\u2019innovaci\u00f3 perqu\u00e8 siguin les seves necessitats les que estiguin al centre.<\/p>\n<p>[\/et_pb_text][\/et_pb_column][\/et_pb_row][et_pb_row _builder_version=&#8221;3.16.1&#8243; module_id=&#8221;fila2&#8243; disabled=&#8221;off&#8221; disabled_on=&#8221;on|on|&#8221; width=&#8221;80%&#8221; max_width=&#8221;1160px&#8221;][et_pb_column type=&#8221;1_2&#8243; custom_padding__hover=&#8221;|||&#8221; custom_padding=&#8221;|||&#8221;][et_pb_text admin_label=&#8221;Caixa 2 (desktop)&#8221; _builder_version=&#8221;3.16.1&#8243; module_id=&#8221;caixa-metodologia-2&#8243; text_orientation=&#8221;left&#8221;]<\/p>\n<p>Monday Happy Monday \u00e9s una <strong>ag\u00e8ncia d\u2019innovaci\u00f3 centrada en les persones<\/strong>. Estem especialitzades en aplicar <em><strong>Design Thinking<\/strong><\/em> i <strong>metodologies Agile<\/strong> a grans empreses i corporacions que vulguin trobar solucions innovadores i usables per a resoldre els seus reptes. Des d\u2019un punt de vista de <strong>transformaci\u00f3 interna i gesti\u00f3 del canvi<\/strong>, treballem conjuntament amb la <strong>Direcci\u00f3 General i amb les funcions d\u2019Innovaci\u00f3<\/strong>, <strong>Planificaci\u00f3 Estrat\u00e8gica<\/strong>, <strong>Transformaci\u00f3 Digital i Recursos Humans<\/strong>. <strong>Tamb\u00e9 treballem amb la funci\u00f3 de M\u00e0rqueting<\/strong> per innovar en el negoci posant els clients en el centre.<\/p>\n<p>[\/et_pb_text][et_pb_text admin_label=&#8221;Caixa 4 (desktop)&#8221; _builder_version=&#8221;3.16.1&#8243; module_id=&#8221;caixa-metodologia-4&#8243; text_orientation=&#8221;left&#8221;]<\/p>\n<p>La innovaci\u00f3 centrada en les persones, aplicada tant a <strong>l\u2019experi\u00e8ncia dels empleats<\/strong> com a nous <strong>models de relaci\u00f3 amb els clients<\/strong>, comen\u00e7a per assolir un coneixement profund de l\u2019usuari i del seu entorn. A partir d\u2019aqu\u00ed, utilitzem les metodologies m\u00e9s innovadores i adequades a cada empresa i per cada projecte concret. <strong>Design Thinking<\/strong>, <strong>Google Sprint<\/strong>, <strong>Teoria U<\/strong>, <strong>M\u00e8tode Lombard<\/strong>, <strong>Creative Problem Solving<\/strong> o <strong>Agile<\/strong> s\u00f3n algunes de les metodologies que utilitzem.<\/p>\n<p>[\/et_pb_text][\/et_pb_column][et_pb_column type=&#8221;1_2&#8243; custom_padding__hover=&#8221;|||&#8221; custom_padding=&#8221;|||&#8221;][et_pb_text admin_label=&#8221;Caixa 3 (desktop)&#8221; _builder_version=&#8221;3.16.1&#8243; module_id=&#8221;caixa-metodologia-3&#8243; text_orientation=&#8221;left&#8221;]<\/p>\n<p>El <em>Design Thinking<\/em> ens proporciona un enfoc metodol\u00f2gic que ens permet impulsar projectes de transformaci\u00f3 que se centren i promouen des de les persones i per a les persones. \u00c9s una metodologia que connecta l\u2019an\u00e0lisi i la creativitat adre\u00e7ades a la <strong>resoluci\u00f3 de problemes<\/strong>. El <em>Design Thinking<\/em> i les metodologies <em>Agile<\/em> s\u00f3n una aproximaci\u00f3 molt contrastada per a dissenyar productes i serveis, i implementar-los posant l\u2019usuari al centre.<\/p>\n<p>[\/et_pb_text][et_pb_text admin_label=&#8221;Caixa 5 (desktop)&#8221; _builder_version=&#8221;3.16.1&#8243; module_id=&#8221;caixa-metodologia-5&#8243; text_orientation=&#8221;left&#8221;]<\/p>\n<p>Monday Happy Monday t\u2019ajuda a identificar les <strong>oportunitats<\/strong> que una innovaci\u00f3 centrada en les persones pot oferir a la teva empresa. Tamb\u00e9 activem els agents clau per <strong>idear col\u00b7laborativament les solucions<\/strong> m\u00e9s innovadores i usables i t\u2019acompanyem en els processos d\u2019<strong>implementaci\u00f3<\/strong> per a que les bones idees es facin realitat.<\/p>\n<p>[\/et_pb_text][\/et_pb_column][\/et_pb_row][et_pb_row _builder_version=&#8221;3.16.1&#8243; module_id=&#8221;fila2&#8243; disabled=&#8221;off&#8221; disabled_on=&#8221;||on&#8221; width=&#8221;80%&#8221; max_width=&#8221;1160px&#8221;][et_pb_column type=&#8221;1_2&#8243; custom_padding__hover=&#8221;|||&#8221; custom_padding=&#8221;|||&#8221;][et_pb_text admin_label=&#8221;Caixa 2 (tablet-m\u00f2bil)&#8221; _builder_version=&#8221;3.16.1&#8243; module_id=&#8221;caixa-metodologia-2&#8243; text_orientation=&#8221;left&#8221;]<\/p>\n<p>Monday Happy Monday \u00e9s una <strong>ag\u00e8ncia d\u2019innovaci\u00f3 centrada en les persones<\/strong>. Estem especialitzades en aplicar <em><strong>Design Thinking<\/strong><\/em> i <strong>metodologies Agile<\/strong> a grans empreses i corporacions que vulguin trobar solucions innovadores i usables per a resoldre els seus reptes. Des d\u2019un punt de vista de <strong>transformaci\u00f3 interna i gesti\u00f3 del canvi<\/strong>, treballem conjuntament amb la <strong>Direcci\u00f3 General i amb les funcions d\u2019Innovaci\u00f3<\/strong>, <strong>Planificaci\u00f3 Estrat\u00e8gica<\/strong>, <strong>Transformaci\u00f3 Digital i Recursos Humans<\/strong>. <strong>Tamb\u00e9 treballem amb la funci\u00f3 de M\u00e0rqueting<\/strong> per innovar en el negoci posant els clients en el centre.<\/p>\n<p>[\/et_pb_text][et_pb_text admin_label=&#8221;Caixa 3 (tablet-m\u00f2bil)&#8221; _builder_version=&#8221;3.16.1&#8243; module_id=&#8221;caixa-metodologia-3&#8243; text_orientation=&#8221;left&#8221;]<\/p>\n<p>El <em>Design Thinking<\/em> ens proporciona un enfoc metodol\u00f2gic que ens permet impulsar projectes de transformaci\u00f3 que se centren i promouen des de les persones i per a les persones. \u00c9s una metodologia que connecta l\u2019an\u00e0lisi i la creativitat adre\u00e7ades a la <strong>resoluci\u00f3 de problemes<\/strong>. El <em>Design Thinking<\/em> i les metodologies <em>Agile<\/em> s\u00f3n una aproximaci\u00f3 molt contrastada per a dissenyar productes i serveis, i implementar-los posant l\u2019usuari al centre.<\/p>\n<p>[\/et_pb_text][\/et_pb_column][et_pb_column type=&#8221;1_2&#8243; custom_padding__hover=&#8221;|||&#8221; custom_padding=&#8221;|||&#8221;][et_pb_text admin_label=&#8221;Caixa 4 (tablet-m\u00f2bil)&#8221; _builder_version=&#8221;3.16.1&#8243; module_id=&#8221;caixa-metodologia-4&#8243; text_orientation=&#8221;left&#8221;]<\/p>\n<p>La innovaci\u00f3 centrada en les persones, aplicada tant a <strong>l\u2019experi\u00e8ncia dels empleats<\/strong> com a nous <strong>models de relaci\u00f3 amb els clients<\/strong>, comen\u00e7a per assolir un coneixement profund de l\u2019usuari i del seu entorn. A partir d\u2019aqu\u00ed, utilitzem les metodologies m\u00e9s innovadores i adequades a cada empresa i per cada projecte concret. <strong>Design Thinking<\/strong>, <strong>Google Sprint<\/strong>, <strong>Teoria U<\/strong>, <strong>M\u00e8tode Lombard<\/strong>, <strong>Creative Problem Solving<\/strong> o <strong>Agile<\/strong> s\u00f3n algunes de les metodologies que utilitzem.<\/p>\n<p>[\/et_pb_text][et_pb_text admin_label=&#8221;Caixa 5 (tablet-m\u00f2bil)&#8221; _builder_version=&#8221;3.16.1&#8243; module_id=&#8221;caixa-metodologia-5&#8243; text_orientation=&#8221;left&#8221;]<\/p>\n<p>Monday Happy Monday t\u2019ajuda a identificar les <strong>oportunitats<\/strong> que una innovaci\u00f3 centrada en les persones pot oferir a la teva empresa. Tamb\u00e9 activem els agents clau per <strong>idear col\u00b7laborativament les solucions<\/strong> m\u00e9s innovadores i usables i t\u2019acompanyem en els processos d\u2019<strong>implementaci\u00f3<\/strong> per a que les bones idees es facin realitat.<\/p>\n<p>[\/et_pb_text][\/et_pb_column][\/et_pb_row][et_pb_row _builder_version=&#8221;3.16.1&#8243; module_id=&#8221;fila3&#8243; width=&#8221;80%&#8221; max_width=&#8221;1160px&#8221;][et_pb_column type=&#8221;4_4&#8243; custom_padding__hover=&#8221;|||&#8221; custom_padding=&#8221;|||&#8221;][et_pb_text admin_label=&#8221;Caixa 4&#8243; _builder_version=&#8221;3.16.1&#8243; module_id=&#8221;caixa-metodologia-6&#8243; link_option_url=&#8221;https:\/\/mondayhappymonday.com\/ca\/nosaltres\/contacte\/&#8221; text_orientation=&#8221;left&#8221;]<\/p>\n<p>Monday Happy Monday \u00e9s teu aliat per impulsar el poder de les persones per innovar i transformar les organitzacions.<\/p>\n<p><a href=\"https:\/\/mondayhappymonday.com\/ca\/nosaltres\/contacte\/\">Com et podem ajudar?<\/a><\/p>\n<p>[\/et_pb_text][\/et_pb_column][\/et_pb_row][\/et_pb_section][et_pb_section bb_built=&#8221;1&#8243; module_id=&#8221;newsletter-home&#8221; _builder_version=&#8221;3.16.1&#8243; background_color=&#8221;#005a84&#8243; prev_background_color=&#8221;#ffffff&#8221; inner_width=&#8221;auto&#8221; inner_max_width=&#8221;1160px&#8221; global_module=&#8221;297&#8243;][et_pb_row global_parent=&#8221;297&#8243; _builder_version=&#8221;3.25&#8243;][et_pb_column type=&#8221;4_4&#8243; global_parent=&#8221;297&#8243; _builder_version=&#8221;3.25&#8243; custom_padding=&#8221;|||&#8221; custom_padding__hover=&#8221;|||&#8221;][et_pb_text admin_label=&#8221;T\u00edtol %22Subscriu-t&#8217;hi%22&#8243; global_parent=&#8221;297&#8243; module_class=&#8221;titol-fila&#8221; _builder_version=&#8221;3.27.4&#8243;]<\/p>\n<p>Subscriu-t&#8217;hi<\/p>\n<p>[\/et_pb_text][et_pb_text admin_label=&#8221;Entradeta&#8221; global_parent=&#8221;297&#8243; module_id=&#8221;entradeta-mailchimp&#8221; _builder_version=&#8221;4.4.0&#8243;]<\/p>\n<p>Introdueix el teu correu per rebre novetats i actualitzacions de Monday Happy Monday<\/p>\n<p>[\/et_pb_text][\/et_pb_column][\/et_pb_row][et_pb_row global_parent=&#8221;297&#8243; _builder_version=&#8221;3.25&#8243; background_size=&#8221;initial&#8221; background_position=&#8221;top_left&#8221; background_repeat=&#8221;repeat&#8221;][et_pb_column type=&#8221;4_4&#8243; global_parent=&#8221;297&#8243; _builder_version=&#8221;3.25&#8243; custom_padding=&#8221;|||&#8221; custom_padding__hover=&#8221;|||&#8221;][et_pb_text admin_label=&#8221;Formulari Mailchimp&#8221; global_parent=&#8221;297&#8243; module_id=&#8221;formulari-mailchimp&#8221; _builder_version=&#8221;3.27.4&#8243;]<\/p>\n\n\t<section id=\"yikes-mailchimp-container-3\" class=\"yikes-mailchimp-container yikes-mailchimp-container-3 \">\n\t\t\t\t<form id=\"mailchimp-ca-3\" class=\"yikes-easy-mc-form yikes-easy-mc-form-3  \" method=\"POST\" data-attr-form-id=\"3\">\n\n\t\t\t\t\t\t\t\t\t\t\t\t\t<label for=\"yikes-easy-mc-form-3-EMAIL\"  class=\"EMAIL-label yikes-mailchimp-field-required \">\n\n\t\t\t\t\t\t\t\t\t\t<!-- dictate label visibility -->\n\t\t\t\t\t\t\t\t\t\t\n\t\t\t\t\t\t\t\t\t\t<!-- Description Above -->\n\t\t\t\t\t\t\t\t\t\t\n\t\t\t\t\t\t\t\t\t\t<input id=\"yikes-easy-mc-form-3-EMAIL\"  name=\"EMAIL\"  placeholder=\"El teu correu\"  class=\"yikes-easy-mc-email field-no-label\"  required=\"required\" type=\"email\"  value=\"\">\n\n\t\t\t\t\t\t\t\t\t\t<!-- Description Below -->\n\t\t\t\t\t\t\t\t\t\t\n\t\t\t\t\t\t\t\t\t<\/label>\n\t\t\t\t\t\t\t\t\t\n\t\t\t\t<!-- Honeypot Trap -->\n\t\t\t\t<input type=\"hidden\" name=\"yikes-mailchimp-honeypot\" id=\"yikes-mailchimp-honeypot-3\" value=\"\">\n\n\t\t\t\t<!-- List ID -->\n\t\t\t\t<input type=\"hidden\" name=\"yikes-mailchimp-associated-list-id\" id=\"yikes-mailchimp-associated-list-id-3\" value=\"f07bcef599\">\n\n\t\t\t\t<!-- The form that is being submitted! Used to display error\/success messages above the correct form -->\n\t\t\t\t<input type=\"hidden\" name=\"yikes-mailchimp-submitted-form\" id=\"yikes-mailchimp-submitted-form-3\" value=\"3\">\n\n\t\t\t\t<!-- Submit Button -->\n\t\t\t\t<button type=\"submit\" class=\"yikes-easy-mc-submit-button yikes-easy-mc-submit-button-3 btn btn-primary \"> <span class=\"yikes-mailchimp-submit-button-span-text\">Envia<\/span><\/button>\t\t\t\t<!-- Nonce Security Check -->\n\t\t\t\t<input type=\"hidden\" id=\"yikes_easy_mc_new_subscriber_3\" name=\"yikes_easy_mc_new_subscriber\" value=\"43891d2b21\">\n\t\t\t\t<input type=\"hidden\" name=\"_wp_http_referer\" value=\"\/ca\/wp-json\/wp\/v2\/pages\/249\" \/>\n\t\t\t<\/form>\n\t\t\t<!-- Mailchimp Form generated by Easy Forms for Mailchimp v6.9.0 (https:\/\/wordpress.org\/plugins\/yikes-inc-easy-mailchimp-extender\/) -->\n\n\t\t\t<\/section>\n\t\n<p>[\/et_pb_text][\/et_pb_column][\/et_pb_row][et_pb_row global_parent=&#8221;297&#8243; _builder_version=&#8221;4.5.8&#8243; _module_preset=&#8221;default&#8221; column_structure=&#8221;1_3,1_3,1_3&#8243;][et_pb_column type=&#8221;1_3&#8243; global_parent=&#8221;297&#8243; _builder_version=&#8221;4.5.8&#8243; _module_preset=&#8221;default&#8221;][et_pb_number_counter global_parent=&#8221;297&#8243; _builder_version=&#8221;4.5.8&#8243; _module_preset=&#8221;default&#8221; title=&#8221;Empreses&#8221; number=&#8221;55&#8243; percent_sign=&#8221;off&#8221; hover_enabled=&#8221;0&#8243; \/][\/et_pb_column][et_pb_column type=&#8221;1_3&#8243; global_parent=&#8221;297&#8243; _builder_version=&#8221;4.5.8&#8243; _module_preset=&#8221;default&#8221;][et_pb_number_counter global_parent=&#8221;297&#8243; _builder_version=&#8221;4.5.8&#8243; _module_preset=&#8221;default&#8221; title=&#8221;Projectes&#8221; number=&#8221;80&#8243; percent_sign=&#8221;off&#8221; hover_enabled=&#8221;0&#8243; \/][\/et_pb_column][et_pb_column type=&#8221;1_3&#8243; global_parent=&#8221;297&#8243; _builder_version=&#8221;4.5.8&#8243; _module_preset=&#8221;default&#8221;][et_pb_number_counter global_parent=&#8221;297&#8243; _builder_version=&#8221;4.5.8&#8243; _module_preset=&#8221;default&#8221; title=&#8221;Persones&#8221; number=&#8221;1200&#8243; percent_sign=&#8221;off&#8221; hover_enabled=&#8221;0&#8243; \/][\/et_pb_column][\/et_pb_row][\/et_pb_section]<\/p>\n","protected":false},"excerpt":{"rendered":"<p>Metodologia Els usuaris s\u00f3n el factor clau en un proc\u00e9s d\u2019innovaci\u00f3, ja siguin tant empleats com clients. Per tant, el primer que cal fer \u00e9s canviar la nostra mirada, deixar les nostres creences a un costat i incorporar l\u2019usuari en les diferents fases del proc\u00e9s d\u2019innovaci\u00f3 perqu\u00e8 siguin les seves necessitats les que estiguin al [&hellip;]<\/p>\n","protected":false},"author":3,"featured_media":0,"parent":0,"menu_order":0,"comment_status":"closed","ping_status":"closed","template":"","meta":{"_et_pb_use_builder":"on","_et_pb_old_content":"","_et_gb_content_width":"","inline_featured_image":false,"_monsterinsights_skip_tracking":false,"_monsterinsights_sitenote_active":false,"_monsterinsights_sitenote_note":"","_monsterinsights_sitenote_category":0,"footnotes":""},"class_list":["post-249","page","type-page","status-publish","hentry"],"yoast_head":"<!-- This site is optimized with the Yoast SEO plugin v27.1.1 - https:\/\/yoast.com\/product\/yoast-seo-wordpress\/ -->\n<title>Metodologia - Monday Happy Monday<\/title>\n<meta name=\"description\" content=\"Utilitzem les metodologies m\u00e9s innovadores i adequades a cada empresa i per cada projecte concret: Design Thinking, Agile, Google Sprint, Teoria U, etc.\" \/>\n<meta name=\"robots\" content=\"index, follow, max-snippet:-1, max-image-preview:large, max-video-preview:-1\" \/>\n<link rel=\"canonical\" href=\"https:\/\/mondayhappymonday.com\/ca\/metodologia\/\" \/>\n<meta property=\"og:locale\" content=\"ca_ES\" \/>\n<meta property=\"og:type\" content=\"article\" \/>\n<meta property=\"og:title\" content=\"Metodologia - Monday Happy Monday\" \/>\n<meta property=\"og:description\" content=\"Utilitzem les metodologies m\u00e9s innovadores i adequades a cada empresa i per cada projecte concret: Design Thinking, Agile, Google Sprint, Teoria U, etc.\" \/>\n<meta property=\"og:url\" content=\"https:\/\/mondayhappymonday.com\/ca\/metodologia\/\" \/>\n<meta property=\"og:site_name\" content=\"Monday Happy Monday\" \/>\n<meta property=\"article:modified_time\" content=\"2022-11-29T15:57:07+00:00\" \/>\n<meta property=\"og:image\" content=\"https:\/\/mondayhappymonday.com\/wp-content\/uploads\/2018\/11\/Facebook-home-ca.jpg\" \/>\n\t<meta property=\"og:image:width\" content=\"1200\" \/>\n\t<meta property=\"og:image:height\" content=\"630\" \/>\n\t<meta property=\"og:image:type\" content=\"image\/jpeg\" \/>\n<meta name=\"twitter:card\" content=\"summary_large_image\" \/>\n<meta name=\"twitter:image\" content=\"https:\/\/mondayhappymonday.com\/wp-content\/uploads\/2018\/11\/Twitter-home-ca.png\" \/>\n<meta name=\"twitter:site\" content=\"@MonHappyMon\" \/>\n<meta name=\"twitter:label1\" content=\"Temps estimat de lectura\" \/>\n\t<meta name=\"twitter:data1\" content=\"4 minuts\" \/>\n<script type=\"application\/ld+json\" class=\"yoast-schema-graph\">{\"@context\":\"https:\/\/schema.org\",\"@graph\":[{\"@type\":\"WebPage\",\"@id\":\"https:\/\/mondayhappymonday.com\/ca\/metodologia\/\",\"url\":\"https:\/\/mondayhappymonday.com\/ca\/metodologia\/\",\"name\":\"Metodologia - Monday Happy Monday\",\"isPartOf\":{\"@id\":\"https:\/\/mondayhappymonday.com\/#website\"},\"datePublished\":\"2018-10-20T09:30:26+00:00\",\"dateModified\":\"2022-11-29T15:57:07+00:00\",\"description\":\"Utilitzem les metodologies m\u00e9s innovadores i adequades a cada empresa i per cada projecte concret: Design Thinking, Agile, Google Sprint, Teoria U, etc.\",\"breadcrumb\":{\"@id\":\"https:\/\/mondayhappymonday.com\/ca\/metodologia\/#breadcrumb\"},\"inLanguage\":\"ca\",\"potentialAction\":[{\"@type\":\"ReadAction\",\"target\":[\"https:\/\/mondayhappymonday.com\/ca\/metodologia\/\"]}]},{\"@type\":\"BreadcrumbList\",\"@id\":\"https:\/\/mondayhappymonday.com\/ca\/metodologia\/#breadcrumb\",\"itemListElement\":[{\"@type\":\"ListItem\",\"position\":1,\"name\":\"Home\",\"item\":\"https:\/\/mondayhappymonday.com\/ca\/\"},{\"@type\":\"ListItem\",\"position\":2,\"name\":\"Metodologia\"}]},{\"@type\":\"WebSite\",\"@id\":\"https:\/\/mondayhappymonday.com\/#website\",\"url\":\"https:\/\/mondayhappymonday.com\/\",\"name\":\"Monday Happy Monday\",\"description\":\"Innovaci\u00f3 centrada en all\u00f2 hum\u00e0\",\"publisher\":{\"@id\":\"https:\/\/mondayhappymonday.com\/#organization\"},\"potentialAction\":[{\"@type\":\"SearchAction\",\"target\":{\"@type\":\"EntryPoint\",\"urlTemplate\":\"https:\/\/mondayhappymonday.com\/?s={search_term_string}\"},\"query-input\":{\"@type\":\"PropertyValueSpecification\",\"valueRequired\":true,\"valueName\":\"search_term_string\"}}],\"inLanguage\":\"ca\"},{\"@type\":\"Organization\",\"@id\":\"https:\/\/mondayhappymonday.com\/#organization\",\"name\":\"Monday Happy Monday Consulting S.L.\",\"url\":\"https:\/\/mondayhappymonday.com\/\",\"logo\":{\"@type\":\"ImageObject\",\"inLanguage\":\"ca\",\"@id\":\"https:\/\/mondayhappymonday.com\/#\/schema\/logo\/image\/\",\"url\":\"https:\/\/mondayhappymonday.com\/wp-content\/uploads\/2018\/10\/logo-color.svg\",\"contentUrl\":\"https:\/\/mondayhappymonday.com\/wp-content\/uploads\/2018\/10\/logo-color.svg\",\"width\":1,\"height\":1,\"caption\":\"Monday Happy Monday Consulting S.L.\"},\"image\":{\"@id\":\"https:\/\/mondayhappymonday.com\/#\/schema\/logo\/image\/\"},\"sameAs\":[\"https:\/\/x.com\/MonHappyMon\",\"https:\/\/www.linkedin.com\/company\/monday-happy-monday\/\"]}]}<\/script>\n<!-- \/ Yoast SEO plugin. -->","yoast_head_json":{"title":"Metodologia - Monday Happy Monday","description":"Utilitzem les metodologies m\u00e9s innovadores i adequades a cada empresa i per cada projecte concret: Design Thinking, Agile, Google Sprint, Teoria U, etc.","robots":{"index":"index","follow":"follow","max-snippet":"max-snippet:-1","max-image-preview":"max-image-preview:large","max-video-preview":"max-video-preview:-1"},"canonical":"https:\/\/mondayhappymonday.com\/ca\/metodologia\/","og_locale":"ca_ES","og_type":"article","og_title":"Metodologia - Monday Happy Monday","og_description":"Utilitzem les metodologies m\u00e9s innovadores i adequades a cada empresa i per cada projecte concret: Design Thinking, Agile, Google Sprint, Teoria U, etc.","og_url":"https:\/\/mondayhappymonday.com\/ca\/metodologia\/","og_site_name":"Monday Happy Monday","article_modified_time":"2022-11-29T15:57:07+00:00","og_image":[{"width":1200,"height":630,"url":"https:\/\/mondayhappymonday.com\/wp-content\/uploads\/2018\/11\/Facebook-home-ca.jpg","type":"image\/jpeg"}],"twitter_card":"summary_large_image","twitter_image":"https:\/\/mondayhappymonday.com\/wp-content\/uploads\/2018\/11\/Twitter-home-ca.png","twitter_site":"@MonHappyMon","twitter_misc":{"Temps estimat de lectura":"4 minuts"},"schema":{"@context":"https:\/\/schema.org","@graph":[{"@type":"WebPage","@id":"https:\/\/mondayhappymonday.com\/ca\/metodologia\/","url":"https:\/\/mondayhappymonday.com\/ca\/metodologia\/","name":"Metodologia - Monday Happy Monday","isPartOf":{"@id":"https:\/\/mondayhappymonday.com\/#website"},"datePublished":"2018-10-20T09:30:26+00:00","dateModified":"2022-11-29T15:57:07+00:00","description":"Utilitzem les metodologies m\u00e9s innovadores i adequades a cada empresa i per cada projecte concret: Design Thinking, Agile, Google Sprint, Teoria U, etc.","breadcrumb":{"@id":"https:\/\/mondayhappymonday.com\/ca\/metodologia\/#breadcrumb"},"inLanguage":"ca","potentialAction":[{"@type":"ReadAction","target":["https:\/\/mondayhappymonday.com\/ca\/metodologia\/"]}]},{"@type":"BreadcrumbList","@id":"https:\/\/mondayhappymonday.com\/ca\/metodologia\/#breadcrumb","itemListElement":[{"@type":"ListItem","position":1,"name":"Home","item":"https:\/\/mondayhappymonday.com\/ca\/"},{"@type":"ListItem","position":2,"name":"Metodologia"}]},{"@type":"WebSite","@id":"https:\/\/mondayhappymonday.com\/#website","url":"https:\/\/mondayhappymonday.com\/","name":"Monday Happy Monday","description":"Innovaci\u00f3 centrada en all\u00f2 hum\u00e0","publisher":{"@id":"https:\/\/mondayhappymonday.com\/#organization"},"potentialAction":[{"@type":"SearchAction","target":{"@type":"EntryPoint","urlTemplate":"https:\/\/mondayhappymonday.com\/?s={search_term_string}"},"query-input":{"@type":"PropertyValueSpecification","valueRequired":true,"valueName":"search_term_string"}}],"inLanguage":"ca"},{"@type":"Organization","@id":"https:\/\/mondayhappymonday.com\/#organization","name":"Monday Happy Monday Consulting S.L.","url":"https:\/\/mondayhappymonday.com\/","logo":{"@type":"ImageObject","inLanguage":"ca","@id":"https:\/\/mondayhappymonday.com\/#\/schema\/logo\/image\/","url":"https:\/\/mondayhappymonday.com\/wp-content\/uploads\/2018\/10\/logo-color.svg","contentUrl":"https:\/\/mondayhappymonday.com\/wp-content\/uploads\/2018\/10\/logo-color.svg","width":1,"height":1,"caption":"Monday Happy Monday Consulting S.L."},"image":{"@id":"https:\/\/mondayhappymonday.com\/#\/schema\/logo\/image\/"},"sameAs":["https:\/\/x.com\/MonHappyMon","https:\/\/www.linkedin.com\/company\/monday-happy-monday\/"]}]}},"_links":{"self":[{"href":"https:\/\/mondayhappymonday.com\/ca\/wp-json\/wp\/v2\/pages\/249","targetHints":{"allow":["GET"]}}],"collection":[{"href":"https:\/\/mondayhappymonday.com\/ca\/wp-json\/wp\/v2\/pages"}],"about":[{"href":"https:\/\/mondayhappymonday.com\/ca\/wp-json\/wp\/v2\/types\/page"}],"author":[{"embeddable":true,"href":"https:\/\/mondayhappymonday.com\/ca\/wp-json\/wp\/v2\/users\/3"}],"replies":[{"embeddable":true,"href":"https:\/\/mondayhappymonday.com\/ca\/wp-json\/wp\/v2\/comments?post=249"}],"version-history":[{"count":26,"href":"https:\/\/mondayhappymonday.com\/ca\/wp-json\/wp\/v2\/pages\/249\/revisions"}],"predecessor-version":[{"id":8422,"href":"https:\/\/mondayhappymonday.com\/ca\/wp-json\/wp\/v2\/pages\/249\/revisions\/8422"}],"wp:attachment":[{"href":"https:\/\/mondayhappymonday.com\/ca\/wp-json\/wp\/v2\/media?parent=249"}],"curies":[{"name":"wp","href":"https:\/\/api.w.org\/{rel}","templated":true}]}}