{"id":247,"date":"2018-10-20T10:29:54","date_gmt":"2018-10-20T09:29:54","guid":{"rendered":"https:\/\/www.mondayhappymonday.com\/?page_id=247"},"modified":"2024-01-22T10:50:52","modified_gmt":"2024-01-22T09:50:52","slug":"que-es-mhm","status":"publish","type":"page","link":"https:\/\/mondayhappymonday.com\/ca\/que-es-mhm\/","title":{"rendered":"Qu\u00e8 \u00e9s MHM?"},"content":{"rendered":"<p>[et_pb_section bb_built=&#8221;1&#8243; _builder_version=&#8221;3.16.1&#8243; module_class=&#8221;interior fitxa&#8221; next_background_color=&#8221;#005a84&#8243; inner_width=&#8221;auto&#8221; inner_max_width=&#8221;1160px&#8221;][et_pb_row _builder_version=&#8221;3.16.1&#8243; module_id=&#8221;breadcrumbs&#8221; width=&#8221;80%&#8221; max_width=&#8221;1160px&#8221;][et_pb_column type=&#8221;4_4&#8243; custom_padding__hover=&#8221;|||&#8221; custom_padding=&#8221;|||&#8221;][et_pb_code admin_label=&#8221;Breadcrumbs&#8221; _builder_version=&#8221;4.19.1&#8243; background_pattern_color=&#8221;rgba(0,0,0,0.2)&#8221; background_mask_color=&#8221;#ffffff&#8221; box_shadow_horizontal_tablet=&#8221;0px&#8221; box_shadow_vertical_tablet=&#8221;0px&#8221; box_shadow_blur_tablet=&#8221;40px&#8221; box_shadow_spread_tablet=&#8221;0px&#8221; vertical_offset_tablet=&#8221;0&#8243; horizontal_offset_tablet=&#8221;0&#8243; z_index_tablet=&#8221;0&#8243;]<\/p>\n<div class=\"breadcrumb\" itemprop=\"breadcrumb\"><span><span><a href=\"https:\/\/mondayhappymonday.com\/ca\/\">Home<\/a> \/ <span><a href=\"https:\/\/mondayhappymonday.com\/ca\/nosaltres\/\">Nosaltres<\/a><\/span><\/span><\/span><\/div>\n<p>[\/et_pb_code][\/et_pb_column][\/et_pb_row][et_pb_row _builder_version=&#8221;3.16.1&#8243; module_class=&#8221;titol&#8221; width=&#8221;80%&#8221; max_width=&#8221;1160px&#8221;][et_pb_column type=&#8221;4_4&#8243; custom_padding__hover=&#8221;|||&#8221; custom_padding=&#8221;|||&#8221;][et_pb_text admin_label=&#8221;T\u00edtol&#8221; _builder_version=&#8221;3.16.1&#8243; text_orientation=&#8221;left&#8221;]<\/p>\n<h1>El prop\u00f2sit de Monday Happy Monday<\/h1>\n<p>[\/et_pb_text][\/et_pb_column][\/et_pb_row][et_pb_row _builder_version=&#8221;3.16.1&#8243; width=&#8221;80%&#8221; max_width=&#8221;1160px&#8221;][et_pb_column type=&#8221;1_2&#8243; custom_padding__hover=&#8221;|||&#8221; custom_padding=&#8221;|||&#8221;][et_pb_text admin_label=&#8221;Entradeta&#8221; _builder_version=&#8221;3.16.1&#8243; module_class=&#8221;entradeta&#8221; text_orientation=&#8221;left&#8221;]<\/p>\n<p>Imagina\u2019t com podria canviar la teva empresa si la seva transformaci\u00f3 pos\u00e9s all\u00f2 hum\u00e0 en el centre: empleats i clients, i si hi apliquessis m\u00e8tode en el proc\u00e9s d&#8217;innovaci\u00f3 connectant l\u2019an\u00e0lisi i la creativitat. T\u2019ho imagines? <strong>Nosaltres s\u00ed<\/strong>.<\/p>\n<p>[\/et_pb_text][et_pb_image admin_label=&#8221;Imatge (tablet-m\u00f2bil)&#8221; _builder_version=&#8221;3.16.1&#8243; src=&#8221;https:\/\/mondayhappymonday.com\/wp-content\/uploads\/2018\/10\/img-about.png&#8221; alt=&#8221;Qu\u00e8 \u00e9s Monday Happy Monday?&#8221; module_class=&#8221;img responsive&#8221; disabled=&#8221;off&#8221; disabled_on=&#8221;||on&#8221; align_last_edited=&#8221;on|desktop&#8221; align_tablet=&#8221;center&#8221; \/][et_pb_text _builder_version=&#8221;3.16.1&#8243; module_class=&#8221;text&#8221; text_orientation=&#8221;left&#8221;]<\/p>\n<p>Monday Happy Monday neix amb el prop\u00f2sit d&#8217;ajudar a les organitzacions a dissenyar i fer realitat <strong>projectes d\u2019innovaci\u00f3 i transformaci\u00f3<\/strong> memorables on les persones, b\u00e9 siguin empleats o clients, siguin els protagonistes. Volem deixar empremta i llegat en cadascun dels projectes que realitzem.<\/p>\n<p>A Monday Happy Monday venim de l&#8217;\u00e0mbit dels recursos humans de grans empreses i corporacions. Hem hibridat el nostre coneixement sobre les persones amb metodologies d\u2019 innovaci\u00f3. Entenem que la <strong>innovaci\u00f3 centrada en all\u00f2 hum\u00e0<\/strong> \u00e9s el pilar sobre el que construir les noves solucions del segle XXI, i que el <em><strong>design thinking<\/strong><\/em> i les <strong>metodologies \u00e0gils<\/strong> s\u00f3n el cam\u00ed m\u00e9s eficaces per a dissenyar solucions usables i implementar-les per fer-les tangibles i significatives.<\/p>\n<p>Aquesta \u00e9s la nostra proposta de valor:<\/p>\n<ul>\n<li>Anem m\u00e9s enll\u00e0 d\u2019una consultora d\u2019innovaci\u00f3 a l\u2019\u00fas perqu\u00e8 la nostra sensibilitat per les persones ens permet adaptar-nos amb <strong>flexibilitat<\/strong> a la <strong>cultura corporativa<\/strong> de cada empresa.<\/li>\n<li>Anem m\u00e9s enll\u00e0 de la consultoria tradicional perqu\u00e8 el nostre <a href=\"https:\/\/mondayhappymonday.com\/ca\/nosaltres\/metodologia\/\">m\u00e8tode de treball<\/a> es <strong>basa en crear equips d&#8217;innovaci\u00f3 interns i acompanyar-los a trobar una soluci\u00f3 <em>ad hoc<\/em> al seu repte i al seu context<\/strong>, centrada en all\u00f2 hum\u00e0 i que sigui tangible i implementable. Nosaltres no portem la soluci\u00f3 sin\u00f3 la manera en com arribar-hi i com implementar-la.<\/li>\n<li>Anem m\u00e9s enll\u00e0 de l\u2019ag\u00e8ncia d\u2019esdeveniments, de formaci\u00f3 o de <em>happenings<\/em> perqu\u00e8 en els nostres projectes sempre hi ha un entregable de valor que provoca canvis reals i veritables.<\/li>\n<\/ul>\n<p>La <strong>innovaci\u00f3 centrada en les persones<\/strong> ens permet <strong>crear solucions<\/strong> creatives i efectives tant per a empleats com per a clients.<\/p>\n<p>Des de Monday Happy Monday volem ajudar-te a transformar la teva empresa, a provocar-hi canvis tangibles i a dur a terme un proc\u00e9s d&#8217;innovaci\u00f3 real centrat en all\u00f2 hum\u00e0.<\/p>\n<p><a href=\"https:\/\/mondayhappymonday.com\/ca\/nosaltres\/contacte\/\">I tu? En quins reptes est\u00e0s?<\/a><\/p>\n<p>[\/et_pb_text][\/et_pb_column][et_pb_column type=&#8221;1_2&#8243; custom_padding__hover=&#8221;|||&#8221; custom_padding=&#8221;|||&#8221;][et_pb_image admin_label=&#8221;Imatge (desktop)&#8221; _builder_version=&#8221;3.16.1&#8243; src=&#8221;https:\/\/mondayhappymonday.com\/wp-content\/uploads\/2018\/10\/img-about.png&#8221; alt=&#8221;Qu\u00e8 \u00e9s Monday Happy Monday?&#8221; module_class=&#8221;img&#8221; disabled=&#8221;off&#8221; disabled_on=&#8221;on|on|&#8221; align_last_edited=&#8221;on|desktop&#8221; align_tablet=&#8221;center&#8221; \/][\/et_pb_column][\/et_pb_row][\/et_pb_section][et_pb_section bb_built=&#8221;1&#8243; module_id=&#8221;newsletter-home&#8221; _builder_version=&#8221;3.16.1&#8243; background_color=&#8221;#005a84&#8243; prev_background_color=&#8221;#ffffff&#8221; inner_width=&#8221;auto&#8221; inner_max_width=&#8221;1160px&#8221; global_module=&#8221;297&#8243;][et_pb_row global_parent=&#8221;297&#8243; _builder_version=&#8221;3.25&#8243;][et_pb_column type=&#8221;4_4&#8243; global_parent=&#8221;297&#8243; _builder_version=&#8221;3.25&#8243; custom_padding=&#8221;|||&#8221; custom_padding__hover=&#8221;|||&#8221;][et_pb_text admin_label=&#8221;T\u00edtol %22Subscriu-t&#8217;hi%22&#8243; global_parent=&#8221;297&#8243; module_class=&#8221;titol-fila&#8221; _builder_version=&#8221;3.27.4&#8243;]<\/p>\n<p>Subscriu-t&#8217;hi<\/p>\n<p>[\/et_pb_text][et_pb_text admin_label=&#8221;Entradeta&#8221; global_parent=&#8221;297&#8243; module_id=&#8221;entradeta-mailchimp&#8221; _builder_version=&#8221;4.4.0&#8243;]<\/p>\n<p>Introdueix el teu correu per rebre novetats i actualitzacions de Monday Happy Monday<\/p>\n<p>[\/et_pb_text][\/et_pb_column][\/et_pb_row][et_pb_row global_parent=&#8221;297&#8243; _builder_version=&#8221;3.25&#8243; background_size=&#8221;initial&#8221; background_position=&#8221;top_left&#8221; background_repeat=&#8221;repeat&#8221;][et_pb_column type=&#8221;4_4&#8243; global_parent=&#8221;297&#8243; _builder_version=&#8221;3.25&#8243; custom_padding=&#8221;|||&#8221; custom_padding__hover=&#8221;|||&#8221;][et_pb_text admin_label=&#8221;Formulari Mailchimp&#8221; global_parent=&#8221;297&#8243; module_id=&#8221;formulari-mailchimp&#8221; _builder_version=&#8221;3.27.4&#8243;]<\/p>\n\n\t<section id=\"yikes-mailchimp-container-3\" class=\"yikes-mailchimp-container yikes-mailchimp-container-3 \">\n\t\t\t\t<form id=\"mailchimp-ca-3\" class=\"yikes-easy-mc-form yikes-easy-mc-form-3  \" method=\"POST\" data-attr-form-id=\"3\">\n\n\t\t\t\t\t\t\t\t\t\t\t\t\t<label for=\"yikes-easy-mc-form-3-EMAIL\"  class=\"EMAIL-label yikes-mailchimp-field-required \">\n\n\t\t\t\t\t\t\t\t\t\t<!-- dictate label visibility -->\n\t\t\t\t\t\t\t\t\t\t\n\t\t\t\t\t\t\t\t\t\t<!-- Description Above -->\n\t\t\t\t\t\t\t\t\t\t\n\t\t\t\t\t\t\t\t\t\t<input id=\"yikes-easy-mc-form-3-EMAIL\"  name=\"EMAIL\"  placeholder=\"El teu correu\"  class=\"yikes-easy-mc-email field-no-label\"  required=\"required\" type=\"email\"  value=\"\">\n\n\t\t\t\t\t\t\t\t\t\t<!-- Description Below -->\n\t\t\t\t\t\t\t\t\t\t\n\t\t\t\t\t\t\t\t\t<\/label>\n\t\t\t\t\t\t\t\t\t\n\t\t\t\t<!-- Honeypot Trap -->\n\t\t\t\t<input type=\"hidden\" name=\"yikes-mailchimp-honeypot\" id=\"yikes-mailchimp-honeypot-3\" value=\"\">\n\n\t\t\t\t<!-- List ID -->\n\t\t\t\t<input type=\"hidden\" name=\"yikes-mailchimp-associated-list-id\" id=\"yikes-mailchimp-associated-list-id-3\" value=\"f07bcef599\">\n\n\t\t\t\t<!-- The form that is being submitted! Used to display error\/success messages above the correct form -->\n\t\t\t\t<input type=\"hidden\" name=\"yikes-mailchimp-submitted-form\" id=\"yikes-mailchimp-submitted-form-3\" value=\"3\">\n\n\t\t\t\t<!-- Submit Button -->\n\t\t\t\t<button type=\"submit\" class=\"yikes-easy-mc-submit-button yikes-easy-mc-submit-button-3 btn btn-primary \"> <span class=\"yikes-mailchimp-submit-button-span-text\">Envia<\/span><\/button>\t\t\t\t<!-- Nonce Security Check -->\n\t\t\t\t<input type=\"hidden\" id=\"yikes_easy_mc_new_subscriber_3\" name=\"yikes_easy_mc_new_subscriber\" value=\"d06acfd9fc\">\n\t\t\t\t<input type=\"hidden\" name=\"_wp_http_referer\" value=\"\/ca\/wp-json\/wp\/v2\/pages\/247\" \/>\n\t\t\t<\/form>\n\t\t\t<!-- Mailchimp Form generated by Easy Forms for Mailchimp v6.9.0 (https:\/\/wordpress.org\/plugins\/yikes-inc-easy-mailchimp-extender\/) -->\n\n\t\t\t<\/section>\n\t\n<p>[\/et_pb_text][\/et_pb_column][\/et_pb_row][et_pb_row global_parent=&#8221;297&#8243; _builder_version=&#8221;4.5.8&#8243; _module_preset=&#8221;default&#8221; column_structure=&#8221;1_3,1_3,1_3&#8243;][et_pb_column type=&#8221;1_3&#8243; global_parent=&#8221;297&#8243; _builder_version=&#8221;4.5.8&#8243; _module_preset=&#8221;default&#8221;][et_pb_number_counter global_parent=&#8221;297&#8243; _builder_version=&#8221;4.5.8&#8243; _module_preset=&#8221;default&#8221; title=&#8221;Empreses&#8221; number=&#8221;55&#8243; percent_sign=&#8221;off&#8221; hover_enabled=&#8221;0&#8243; \/][\/et_pb_column][et_pb_column type=&#8221;1_3&#8243; global_parent=&#8221;297&#8243; _builder_version=&#8221;4.5.8&#8243; _module_preset=&#8221;default&#8221;][et_pb_number_counter global_parent=&#8221;297&#8243; _builder_version=&#8221;4.5.8&#8243; _module_preset=&#8221;default&#8221; title=&#8221;Projectes&#8221; number=&#8221;80&#8243; percent_sign=&#8221;off&#8221; hover_enabled=&#8221;0&#8243; \/][\/et_pb_column][et_pb_column type=&#8221;1_3&#8243; global_parent=&#8221;297&#8243; _builder_version=&#8221;4.5.8&#8243; _module_preset=&#8221;default&#8221;][et_pb_number_counter global_parent=&#8221;297&#8243; _builder_version=&#8221;4.5.8&#8243; _module_preset=&#8221;default&#8221; title=&#8221;Persones&#8221; number=&#8221;1200&#8243; percent_sign=&#8221;off&#8221; hover_enabled=&#8221;0&#8243; \/][\/et_pb_column][\/et_pb_row][\/et_pb_section]<\/p>\n","protected":false},"excerpt":{"rendered":"<p>El prop\u00f2sit de Monday Happy Monday Imagina\u2019t com podria canviar la teva empresa si la seva transformaci\u00f3 pos\u00e9s all\u00f2 hum\u00e0 en el centre: empleats i clients, i si hi apliquessis m\u00e8tode en el proc\u00e9s d&#8217;innovaci\u00f3 connectant l\u2019an\u00e0lisi i la creativitat. T\u2019ho imagines? Nosaltres s\u00ed. Monday Happy Monday neix amb el prop\u00f2sit d&#8217;ajudar a les organitzacions [&hellip;]<\/p>\n","protected":false},"author":3,"featured_media":0,"parent":0,"menu_order":0,"comment_status":"closed","ping_status":"closed","template":"","meta":{"_et_pb_use_builder":"on","_et_pb_old_content":"","_et_gb_content_width":"","inline_featured_image":false,"_monsterinsights_skip_tracking":false,"_monsterinsights_sitenote_active":false,"_monsterinsights_sitenote_note":"","_monsterinsights_sitenote_category":0,"footnotes":""},"class_list":["post-247","page","type-page","status-publish","hentry"],"yoast_head":"<!-- This site is optimized with the Yoast SEO plugin v27.1.1 - https:\/\/yoast.com\/product\/yoast-seo-wordpress\/ -->\n<title>Qu\u00e8 \u00e9s MHM? - Monday Happy Monday<\/title>\n<meta name=\"description\" content=\"La innovaci\u00f3 centrada en les persones ens permet crear solucions creatives i efectives tant per a empleats com per a clients.\" \/>\n<meta name=\"robots\" content=\"index, follow, max-snippet:-1, max-image-preview:large, max-video-preview:-1\" \/>\n<link rel=\"canonical\" href=\"https:\/\/mondayhappymonday.com\/ca\/que-es-mhm\/\" \/>\n<meta property=\"og:locale\" content=\"ca_ES\" \/>\n<meta property=\"og:type\" content=\"article\" \/>\n<meta property=\"og:title\" content=\"Qu\u00e8 \u00e9s MHM? - Monday Happy Monday\" \/>\n<meta property=\"og:description\" content=\"La innovaci\u00f3 centrada en les persones ens permet crear solucions creatives i efectives tant per a empleats com per a clients.\" \/>\n<meta property=\"og:url\" content=\"https:\/\/mondayhappymonday.com\/ca\/que-es-mhm\/\" \/>\n<meta property=\"og:site_name\" content=\"Monday Happy Monday\" \/>\n<meta property=\"article:modified_time\" content=\"2024-01-22T09:50:52+00:00\" \/>\n<meta property=\"og:image\" content=\"https:\/\/mondayhappymonday.com\/wp-content\/uploads\/2018\/11\/Facebook-home-ca.jpg\" \/>\n\t<meta property=\"og:image:width\" content=\"1200\" \/>\n\t<meta property=\"og:image:height\" content=\"630\" \/>\n\t<meta property=\"og:image:type\" content=\"image\/jpeg\" \/>\n<meta name=\"twitter:card\" content=\"summary_large_image\" \/>\n<meta name=\"twitter:image\" content=\"https:\/\/mondayhappymonday.com\/wp-content\/uploads\/2018\/11\/Twitter-home-ca.png\" \/>\n<meta name=\"twitter:site\" content=\"@MonHappyMon\" \/>\n<meta name=\"twitter:label1\" content=\"Temps estimat de lectura\" \/>\n\t<meta name=\"twitter:data1\" content=\"3 minuts\" \/>\n<script type=\"application\/ld+json\" class=\"yoast-schema-graph\">{\"@context\":\"https:\/\/schema.org\",\"@graph\":[{\"@type\":\"WebPage\",\"@id\":\"https:\/\/mondayhappymonday.com\/ca\/que-es-mhm\/\",\"url\":\"https:\/\/mondayhappymonday.com\/ca\/que-es-mhm\/\",\"name\":\"Qu\u00e8 \u00e9s MHM? - Monday Happy Monday\",\"isPartOf\":{\"@id\":\"https:\/\/mondayhappymonday.com\/#website\"},\"datePublished\":\"2018-10-20T09:29:54+00:00\",\"dateModified\":\"2024-01-22T09:50:52+00:00\",\"description\":\"La innovaci\u00f3 centrada en les persones ens permet crear solucions creatives i efectives tant per a empleats com per a clients.\",\"breadcrumb\":{\"@id\":\"https:\/\/mondayhappymonday.com\/ca\/que-es-mhm\/#breadcrumb\"},\"inLanguage\":\"ca\",\"potentialAction\":[{\"@type\":\"ReadAction\",\"target\":[\"https:\/\/mondayhappymonday.com\/ca\/que-es-mhm\/\"]}]},{\"@type\":\"BreadcrumbList\",\"@id\":\"https:\/\/mondayhappymonday.com\/ca\/que-es-mhm\/#breadcrumb\",\"itemListElement\":[{\"@type\":\"ListItem\",\"position\":1,\"name\":\"Home\",\"item\":\"https:\/\/mondayhappymonday.com\/ca\/\"},{\"@type\":\"ListItem\",\"position\":2,\"name\":\"Qu\u00e8 \u00e9s MHM?\"}]},{\"@type\":\"WebSite\",\"@id\":\"https:\/\/mondayhappymonday.com\/#website\",\"url\":\"https:\/\/mondayhappymonday.com\/\",\"name\":\"Monday Happy Monday\",\"description\":\"Innovaci\u00f3 centrada en all\u00f2 hum\u00e0\",\"publisher\":{\"@id\":\"https:\/\/mondayhappymonday.com\/#organization\"},\"potentialAction\":[{\"@type\":\"SearchAction\",\"target\":{\"@type\":\"EntryPoint\",\"urlTemplate\":\"https:\/\/mondayhappymonday.com\/?s={search_term_string}\"},\"query-input\":{\"@type\":\"PropertyValueSpecification\",\"valueRequired\":true,\"valueName\":\"search_term_string\"}}],\"inLanguage\":\"ca\"},{\"@type\":\"Organization\",\"@id\":\"https:\/\/mondayhappymonday.com\/#organization\",\"name\":\"Monday Happy Monday Consulting S.L.\",\"url\":\"https:\/\/mondayhappymonday.com\/\",\"logo\":{\"@type\":\"ImageObject\",\"inLanguage\":\"ca\",\"@id\":\"https:\/\/mondayhappymonday.com\/#\/schema\/logo\/image\/\",\"url\":\"https:\/\/mondayhappymonday.com\/wp-content\/uploads\/2018\/10\/logo-color.svg\",\"contentUrl\":\"https:\/\/mondayhappymonday.com\/wp-content\/uploads\/2018\/10\/logo-color.svg\",\"width\":1,\"height\":1,\"caption\":\"Monday Happy Monday Consulting S.L.\"},\"image\":{\"@id\":\"https:\/\/mondayhappymonday.com\/#\/schema\/logo\/image\/\"},\"sameAs\":[\"https:\/\/x.com\/MonHappyMon\",\"https:\/\/www.linkedin.com\/company\/monday-happy-monday\/\"]}]}<\/script>\n<!-- \/ Yoast SEO plugin. -->","yoast_head_json":{"title":"Qu\u00e8 \u00e9s MHM? - Monday Happy Monday","description":"La innovaci\u00f3 centrada en les persones ens permet crear solucions creatives i efectives tant per a empleats com per a clients.","robots":{"index":"index","follow":"follow","max-snippet":"max-snippet:-1","max-image-preview":"max-image-preview:large","max-video-preview":"max-video-preview:-1"},"canonical":"https:\/\/mondayhappymonday.com\/ca\/que-es-mhm\/","og_locale":"ca_ES","og_type":"article","og_title":"Qu\u00e8 \u00e9s MHM? - Monday Happy Monday","og_description":"La innovaci\u00f3 centrada en les persones ens permet crear solucions creatives i efectives tant per a empleats com per a clients.","og_url":"https:\/\/mondayhappymonday.com\/ca\/que-es-mhm\/","og_site_name":"Monday Happy Monday","article_modified_time":"2024-01-22T09:50:52+00:00","og_image":[{"width":1200,"height":630,"url":"https:\/\/mondayhappymonday.com\/wp-content\/uploads\/2018\/11\/Facebook-home-ca.jpg","type":"image\/jpeg"}],"twitter_card":"summary_large_image","twitter_image":"https:\/\/mondayhappymonday.com\/wp-content\/uploads\/2018\/11\/Twitter-home-ca.png","twitter_site":"@MonHappyMon","twitter_misc":{"Temps estimat de lectura":"3 minuts"},"schema":{"@context":"https:\/\/schema.org","@graph":[{"@type":"WebPage","@id":"https:\/\/mondayhappymonday.com\/ca\/que-es-mhm\/","url":"https:\/\/mondayhappymonday.com\/ca\/que-es-mhm\/","name":"Qu\u00e8 \u00e9s MHM? - Monday Happy Monday","isPartOf":{"@id":"https:\/\/mondayhappymonday.com\/#website"},"datePublished":"2018-10-20T09:29:54+00:00","dateModified":"2024-01-22T09:50:52+00:00","description":"La innovaci\u00f3 centrada en les persones ens permet crear solucions creatives i efectives tant per a empleats com per a clients.","breadcrumb":{"@id":"https:\/\/mondayhappymonday.com\/ca\/que-es-mhm\/#breadcrumb"},"inLanguage":"ca","potentialAction":[{"@type":"ReadAction","target":["https:\/\/mondayhappymonday.com\/ca\/que-es-mhm\/"]}]},{"@type":"BreadcrumbList","@id":"https:\/\/mondayhappymonday.com\/ca\/que-es-mhm\/#breadcrumb","itemListElement":[{"@type":"ListItem","position":1,"name":"Home","item":"https:\/\/mondayhappymonday.com\/ca\/"},{"@type":"ListItem","position":2,"name":"Qu\u00e8 \u00e9s MHM?"}]},{"@type":"WebSite","@id":"https:\/\/mondayhappymonday.com\/#website","url":"https:\/\/mondayhappymonday.com\/","name":"Monday Happy Monday","description":"Innovaci\u00f3 centrada en all\u00f2 hum\u00e0","publisher":{"@id":"https:\/\/mondayhappymonday.com\/#organization"},"potentialAction":[{"@type":"SearchAction","target":{"@type":"EntryPoint","urlTemplate":"https:\/\/mondayhappymonday.com\/?s={search_term_string}"},"query-input":{"@type":"PropertyValueSpecification","valueRequired":true,"valueName":"search_term_string"}}],"inLanguage":"ca"},{"@type":"Organization","@id":"https:\/\/mondayhappymonday.com\/#organization","name":"Monday Happy Monday Consulting S.L.","url":"https:\/\/mondayhappymonday.com\/","logo":{"@type":"ImageObject","inLanguage":"ca","@id":"https:\/\/mondayhappymonday.com\/#\/schema\/logo\/image\/","url":"https:\/\/mondayhappymonday.com\/wp-content\/uploads\/2018\/10\/logo-color.svg","contentUrl":"https:\/\/mondayhappymonday.com\/wp-content\/uploads\/2018\/10\/logo-color.svg","width":1,"height":1,"caption":"Monday Happy Monday Consulting S.L."},"image":{"@id":"https:\/\/mondayhappymonday.com\/#\/schema\/logo\/image\/"},"sameAs":["https:\/\/x.com\/MonHappyMon","https:\/\/www.linkedin.com\/company\/monday-happy-monday\/"]}]}},"_links":{"self":[{"href":"https:\/\/mondayhappymonday.com\/ca\/wp-json\/wp\/v2\/pages\/247","targetHints":{"allow":["GET"]}}],"collection":[{"href":"https:\/\/mondayhappymonday.com\/ca\/wp-json\/wp\/v2\/pages"}],"about":[{"href":"https:\/\/mondayhappymonday.com\/ca\/wp-json\/wp\/v2\/types\/page"}],"author":[{"embeddable":true,"href":"https:\/\/mondayhappymonday.com\/ca\/wp-json\/wp\/v2\/users\/3"}],"replies":[{"embeddable":true,"href":"https:\/\/mondayhappymonday.com\/ca\/wp-json\/wp\/v2\/comments?post=247"}],"version-history":[{"count":20,"href":"https:\/\/mondayhappymonday.com\/ca\/wp-json\/wp\/v2\/pages\/247\/revisions"}],"predecessor-version":[{"id":8421,"href":"https:\/\/mondayhappymonday.com\/ca\/wp-json\/wp\/v2\/pages\/247\/revisions\/8421"}],"wp:attachment":[{"href":"https:\/\/mondayhappymonday.com\/ca\/wp-json\/wp\/v2\/media?parent=247"}],"curies":[{"name":"wp","href":"https:\/\/api.w.org\/{rel}","templated":true}]}}